{"id":13,"date":"2020-01-02T15:45:50","date_gmt":"2020-01-02T14:45:50","guid":{"rendered":"http:\/\/www.future-teach.de\/?page_id=13"},"modified":"2023-02-12T08:23:29","modified_gmt":"2023-02-12T08:23:29","slug":"tutorials","status":"publish","type":"page","link":"https:\/\/future-teach.de\/?page_id=13","title":{"rendered":"Youtube Tutorials f\u00fcr Lehrkr\u00e4fte"},"content":{"rendered":"\n<p>Nachfolgend finden sich meine bisher ver\u00f6ffentlichten Youtube Tutorials f\u00fcr Lehrkr\u00e4fte (<a href=\"https:\/\/www.youtube.com\/channel\/UCFnSODeJOusr3bQ87DFubZw?sub_confirmation=1\">Youtube Abolink hier<\/a>). Die Tutorials sollen eine Starthilfe zum Selbststudium geben. <\/p>\n\n\n\n<div class=\"wp-block-columns\">\n<div class=\"wp-block-column\" style=\"flex-basis:66.66%\">\n<h3 class=\"has-text-color\" style=\"color:#0098a2\">Allgemeine Tutorials f\u00fcr Lehrkr\u00e4fte<\/h3>\n\n\n\n<div class=\"wp-block-columns\">\n<div class=\"wp-block-column\">\n<figure class=\"wp-block-image size-large\"><a href=\"https:\/\/www.youtube.com\/watch?v=JOxIwjriWVA&amp;t\"><img loading=\"lazy\" width=\"288\" height=\"162\" src=\"https:\/\/future-teach.de\/wp-content\/uploads\/2020\/10\/Tapucate.jpg\" alt=\"\" class=\"wp-image-375\"\/><\/a><\/figure>\n\n\n\n<figure class=\"wp-block-image size-large\"><a href=\"https:\/\/youtu.be\/Y9Nq-azUnFo\"><img loading=\"lazy\" width=\"288\" height=\"162\" src=\"https:\/\/future-teach.de\/wp-content\/uploads\/2020\/11\/Cybermobbing.jpg\" alt=\"\" class=\"wp-image-415\"\/><\/a><\/figure>\n\n\n\n<figure class=\"wp-block-image size-large\"><a href=\"https:\/\/www.youtube.com\/watch?v=cfLUfjqaaNw\"><img loading=\"lazy\" width=\"288\" height=\"162\" src=\"https:\/\/future-teach.de\/wp-content\/uploads\/2020\/04\/Tools-leherer-2.jpg\" alt=\"\" class=\"wp-image-307\"\/><\/a><\/figure>\n\n\n\n<figure class=\"wp-block-image size-large\"><a href=\"https:\/\/youtu.be\/XnYE5sUgZ60\"><img loading=\"lazy\" width=\"288\" height=\"162\" src=\"https:\/\/future-teach.de\/wp-content\/uploads\/2021\/10\/Unterrichtsportal_klein.jpg\" alt=\"\" class=\"wp-image-480\"\/><\/a><\/figure>\n\n\n\n<figure class=\"wp-block-image size-large\"><a href=\"https:\/\/www.youtube.com\/watch?v=U58oXCcOxWM\"><img loading=\"lazy\" width=\"288\" height=\"162\" src=\"https:\/\/future-teach.de\/wp-content\/uploads\/2020\/04\/Skype2.jpg\" alt=\"\" class=\"wp-image-309\"\/><\/a><\/figure>\n\n\n\n<figure class=\"wp-block-image size-large\"><a href=\"https:\/\/youtu.be\/6pDL-FN0HLE\"><img loading=\"lazy\" width=\"288\" height=\"162\" src=\"https:\/\/future-teach.de\/wp-content\/uploads\/2021\/05\/Stop-Motion.png\" alt=\"\" class=\"wp-image-466\"\/><\/a><\/figure>\n\n\n\n<figure class=\"wp-block-image size-large\"><a href=\"https:\/\/www.youtube.com\/watch?v=JtZrKVZdfx8\"><img loading=\"lazy\" width=\"288\" height=\"162\" src=\"https:\/\/future-teach.de\/wp-content\/uploads\/2020\/04\/Zoom.jpg\" alt=\"\" class=\"wp-image-344\"\/><\/a><\/figure>\n\n\n\n<figure class=\"wp-block-image size-large\"><a href=\"https:\/\/youtu.be\/cgL0ZXqdZTU\"><img loading=\"lazy\" width=\"288\" height=\"162\" src=\"https:\/\/future-teach.de\/wp-content\/uploads\/2021\/10\/Google-Classroom-klein.jpg\" alt=\"\" class=\"wp-image-473\"\/><\/a><\/figure>\n\n\n\n<figure class=\"wp-block-image size-large\"><a href=\"https:\/\/youtu.be\/51ZD1S_8ARc\"><img loading=\"lazy\" width=\"288\" height=\"162\" src=\"https:\/\/future-teach.de\/wp-content\/uploads\/2021\/10\/Erklaervideo2.jpg\" alt=\"\" class=\"wp-image-479\"\/><\/a><\/figure>\n<\/div>\n\n\n\n<div class=\"wp-block-column\">\n<figure class=\"wp-block-image size-large\"><a href=\"https:\/\/www.youtube.com\/watch?v=UV6q8dGka_k&amp;t\"><img loading=\"lazy\" width=\"288\" height=\"162\" src=\"https:\/\/future-teach.de\/wp-content\/uploads\/2020\/11\/Schulportal-3.jpg\" alt=\"\" class=\"wp-image-418\"\/><\/a><\/figure>\n\n\n\n<figure class=\"wp-block-image size-large\"><a href=\"https:\/\/youtu.be\/2mf1SbNTKGA\"><img loading=\"lazy\" width=\"288\" height=\"162\" src=\"https:\/\/future-teach.de\/wp-content\/uploads\/2021\/01\/Interaktive-Inhalte-2.jpg\" alt=\"\" class=\"wp-image-448\"\/><\/a><\/figure>\n\n\n\n<figure class=\"wp-block-image size-large\"><a href=\"https:\/\/youtu.be\/JfYvjXMjRoo\"><img loading=\"lazy\" width=\"288\" height=\"162\" src=\"https:\/\/future-teach.de\/wp-content\/uploads\/2021\/03\/PDFs2.jpg\" alt=\"\" class=\"wp-image-453\"\/><\/a><\/figure>\n\n\n\n<figure class=\"wp-block-image size-large\"><a href=\"https:\/\/youtu.be\/p3-SIDZaRDY\"><img loading=\"lazy\" width=\"288\" height=\"162\" src=\"https:\/\/future-teach.de\/wp-content\/uploads\/2021\/10\/Uebersetzung-klein.png\" alt=\"\" class=\"wp-image-475\"\/><\/a><\/figure>\n\n\n\n<figure class=\"wp-block-image size-large\"><a href=\"https:\/\/youtu.be\/n2rirFmcD1A\"><img loading=\"lazy\" width=\"288\" height=\"162\" src=\"https:\/\/future-teach.de\/wp-content\/uploads\/2021\/01\/Big-Blue-1.jpg\" alt=\"\" class=\"wp-image-441\"\/><\/a><\/figure>\n\n\n\n<figure class=\"wp-block-image size-large\"><a href=\"https:\/\/youtu.be\/51ZD1S_8ARc\"><img loading=\"lazy\" width=\"288\" height=\"162\" src=\"https:\/\/future-teach.de\/wp-content\/uploads\/2021\/06\/Erklaervideo2-klein.jpg\" alt=\"\" class=\"wp-image-471\"\/><\/a><\/figure>\n\n\n\n<figure class=\"wp-block-image size-large\"><a href=\"https:\/\/youtu.be\/-8riWc7i67s\"><img loading=\"lazy\" width=\"288\" height=\"162\" src=\"https:\/\/future-teach.de\/wp-content\/uploads\/2021\/03\/CUrsor.jpg\" alt=\"\" class=\"wp-image-457\"\/><\/a><\/figure>\n\n\n\n<figure class=\"wp-block-image size-large\"><a href=\"https:\/\/youtu.be\/kMgtMRRlXHI\"><img loading=\"lazy\" width=\"288\" height=\"162\" src=\"https:\/\/future-teach.de\/wp-content\/uploads\/2020\/04\/Vicole.jpg\" alt=\"\" class=\"wp-image-351\"\/><\/a><\/figure>\n<\/div>\n<\/div>\n\n\n\n<h3 class=\"has-text-color\" style=\"color:#0098a2\">Office 365 Tutorials<\/h3>\n\n\n\n<p><\/p>\n<\/div>\n\n\n\n<div class=\"wp-block-column\" style=\"flex-basis:33.33%\">\n<h3 class=\"has-text-color\" style=\"color:#9bc31c\">K.I. Tutorials<\/h3>\n\n\n\n<figure class=\"wp-block-image size-large\"><a href=\"https:\/\/youtu.be\/4N8D0jgCJJQ\"><img loading=\"lazy\" width=\"288\" height=\"162\" src=\"https:\/\/future-teach.de\/wp-content\/uploads\/2023\/02\/Chatgpt1.png\" alt=\"\" class=\"wp-image-535\"\/><\/a><\/figure>\n\n\n\n<figure class=\"wp-block-image size-large\"><a href=\"https:\/\/youtu.be\/j0BTPXK09Jg\"><img loading=\"lazy\" width=\"288\" height=\"162\" src=\"https:\/\/future-teach.de\/wp-content\/uploads\/2023\/02\/Dalle.png\" alt=\"\" class=\"wp-image-539\"\/><\/a><\/figure>\n\n\n\n<figure class=\"wp-block-image size-large\"><a href=\"https:\/\/youtu.be\/RQoPJy6SfRI\"><img loading=\"lazy\" width=\"288\" height=\"162\" src=\"https:\/\/future-teach.de\/wp-content\/uploads\/2023\/02\/Chatgpt12.png\" alt=\"\" class=\"wp-image-534\"\/><\/a><\/figure>\n\n\n\n<figure class=\"wp-block-image size-large\"><a href=\"https:\/\/youtu.be\/BnDOj93aVa4\"><img loading=\"lazy\" width=\"288\" height=\"162\" src=\"https:\/\/future-teach.de\/wp-content\/uploads\/2023\/02\/chat3.png\" alt=\"\" class=\"wp-image-536\"\/><\/a><\/figure>\n\n\n\n<h3 class=\"has-text-color\" style=\"color:#9bc31c\">Methoden Tutorials<\/h3>\n\n\n\n<figure class=\"wp-block-image size-large\"><a href=\"https:\/\/www.youtube.com\/watch?v=qeY30gdkQVY\"><img loading=\"lazy\" width=\"288\" height=\"162\" src=\"https:\/\/future-teach.de\/wp-content\/uploads\/2020\/10\/Textzusammenfassung.jpg\" alt=\"\" class=\"wp-image-371\"\/><\/a><\/figure>\n\n\n\n<figure class=\"wp-block-image size-large\"><a href=\"https:\/\/www.youtube.com\/watch?v=s0dP48bPSYI\"><img loading=\"lazy\" width=\"288\" height=\"162\" src=\"https:\/\/future-teach.de\/wp-content\/uploads\/2021\/04\/Karikaturanalyse-Lehrkraefte.jpg\" alt=\"\" class=\"wp-image-463\"\/><\/a><\/figure>\n\n\n\n<figure class=\"wp-block-image size-large\"><a href=\"https:\/\/www.youtube.com\/watch?v=gjSCvJxSumY\"><img loading=\"lazy\" width=\"288\" height=\"162\" src=\"https:\/\/future-teach.de\/wp-content\/uploads\/2020\/04\/Hasuarbeit-final-2.jpg\" alt=\"\" class=\"wp-image-305\"\/><\/a><\/figure>\n\n\n\n<p><\/p>\n<\/div>\n<\/div>\n\n\n\n<div class=\"wp-block-columns\">\n<div class=\"wp-block-column\" style=\"flex-basis:66.66%\">\n<div class=\"wp-block-columns\">\n<div class=\"wp-block-column\">\n<figure class=\"wp-block-image size-large\"><a href=\"https:\/\/www.youtube.com\/watch?v=3O_s9d7z5ao\"><img loading=\"lazy\" width=\"288\" height=\"162\" src=\"https:\/\/future-teach.de\/wp-content\/uploads\/2020\/04\/Teams-f\u00fcr-Lehrkr\u00e4fte-1-2.jpg\" alt=\" Das Video erkl\u00e4rt Lehrern f\u00fcr die Nutzung von Microsoft Teams 365 folgende Inhalte :\n- Microsoft Teams App finden und installieren\n- Besprechung planen\n- Videokonferenz starten\n- Unterricht aufzeichnen\n- Bildschirm teilen\n- Chatfunktion\n- Aufzeichnung aufrufen\" class=\"wp-image-301\"\/><\/a><\/figure>\n\n\n\n<figure class=\"wp-block-image size-large\"><a href=\"https:\/\/www.youtube.com\/watch?v=3JxxLr0aefM\"><img loading=\"lazy\" width=\"288\" height=\"162\" src=\"https:\/\/future-teach.de\/wp-content\/uploads\/2020\/04\/OneNote-f\u00fcr-Lehrkr\u00e4fte-2.jpg\" alt=\"Das Tutorial richtet sich an Lehrkr\u00e4fte und beschreibt den Einsatz von OneNote im Unterricht. \" class=\"wp-image-303\"\/><\/a><\/figure>\n\n\n\n<figure class=\"wp-block-image size-large\"><img loading=\"lazy\" width=\"288\" height=\"162\" src=\"https:\/\/future-teach.de\/wp-content\/uploads\/2021\/04\/Streams.jpg\" alt=\"\" class=\"wp-image-460\"\/><\/figure>\n\n\n\n<figure class=\"wp-block-image size-large\"><a href=\"https:\/\/www.youtube.com\/watch?v=-tNHrBVM1eU\"><img loading=\"lazy\" width=\"288\" height=\"162\" src=\"https:\/\/future-teach.de\/wp-content\/uploads\/2021\/01\/Erklaervideos.jpg\" alt=\"\" class=\"wp-image-433\"\/><\/a><\/figure>\n\n\n\n<figure class=\"wp-block-image size-large\"><a href=\"https:\/\/youtu.be\/9VS95K9h-YA\"><img loading=\"lazy\" width=\"288\" height=\"162\" src=\"https:\/\/future-teach.de\/wp-content\/uploads\/2020\/11\/Sway2.jpg\" alt=\"Microsoft Sway f\u00fcr Office 365 in unter 7 Minuten erkl\u00e4rt\" class=\"wp-image-421\"\/><\/a><\/figure>\n\n\n\n<figure class=\"wp-block-image size-large\"><a href=\"https:\/\/www.youtube.com\/watch?v=JtZrKVZdfx8\"><img loading=\"lazy\" width=\"288\" height=\"162\" src=\"https:\/\/future-teach.de\/wp-content\/uploads\/2020\/04\/Zoom.jpg\" alt=\"\" class=\"wp-image-344\"\/><\/a><\/figure>\n\n\n\n<figure class=\"wp-block-image size-large\"><a href=\"https:\/\/youtu.be\/mXygdveHzFU\"><img loading=\"lazy\" width=\"288\" height=\"162\" src=\"https:\/\/future-teach.de\/wp-content\/uploads\/2020\/05\/Excel.jpg\" alt=\"\" class=\"wp-image-353\"\/><\/a><\/figure>\n<\/div>\n\n\n\n<div class=\"wp-block-column\">\n<figure class=\"wp-block-image size-large\"><a href=\"https:\/\/www.youtube.com\/watch?v=3O_s9d7z5ao\"><img loading=\"lazy\" width=\"288\" height=\"162\" src=\"https:\/\/future-teach.de\/wp-content\/uploads\/2020\/04\/Teams-f\u00fcr-Lehrkr\u00e4fte-2.jpg\" alt=\"Das Video erkl\u00e4rt Lehrern f\u00fcr die Nutzung von Microsoft Teams 365 folgende Inhalte :\n- Teams starten\n- Ein Klassenteam anlegen\n- Chat nutzen\n- Daten ablegen\n- Aufgaben vergeben\n- Kan\u00e4le anlegen\n- Team anpassen\n- Benachrichtugungseinstellungen \u00e4ndern\" class=\"wp-image-302\"\/><\/a><\/figure>\n\n\n\n<figure class=\"wp-block-image size-large\"><a href=\"https:\/\/www.youtube.com\/watch?v=QIMmeh3ecAU\"><img loading=\"lazy\" width=\"288\" height=\"162\" src=\"https:\/\/future-teach.de\/wp-content\/uploads\/2020\/04\/OneNote-f\u00fcr-Lehrkr\u00e4fte-Notizbuch-einrichten-2.jpg\" alt=\"Das Tutorial richtet sich an Lehrkr\u00e4fte und beschreibt den Einsatz von OneNote im Unterricht. \" class=\"wp-image-304\"\/><\/a><\/figure>\n\n\n\n<figure class=\"wp-block-image size-large\"><a href=\"https:\/\/youtu.be\/G-KpuNYgv6U\"><img loading=\"lazy\" width=\"288\" height=\"162\" src=\"https:\/\/future-teach.de\/wp-content\/uploads\/2020\/04\/PowerPoint.jpg\" alt=\"\" class=\"wp-image-334\"\/><\/a><\/figure>\n\n\n\n<figure class=\"wp-block-image size-large\"><a href=\"https:\/\/www.youtube.com\/watch?v=gXdfZSaoPqU\"><img loading=\"lazy\" width=\"288\" height=\"162\" src=\"https:\/\/future-teach.de\/wp-content\/uploads\/2021\/01\/Icons.jpg\" alt=\"\" class=\"wp-image-430\"\/><\/a><\/figure>\n\n\n\n<figure class=\"wp-block-image size-large\"><a href=\"https:\/\/www.youtube.com\/watch?v=a3AoUPLHroQ\"><img loading=\"lazy\" width=\"288\" height=\"162\" src=\"https:\/\/future-teach.de\/wp-content\/uploads\/2020\/04\/OneDrive.jpg\" alt=\"Das Onedrive Office 365 Tutorial Video  richtet sich an Lehrkr\u00e4fte und erkl\u00e4rt die folgenden Punkte:\n- OneDrive aufrufen\n- OneDrive Datenfreigabe Bereiche, Dateienupload und L\u00f6schen\n- OneDrive Berechtigungen verwalten und Kontrolle erlangen\n- Versionsverlauf anzeigen und zur\u00fcckspringen\n- OneDrive App herunterladen\" class=\"wp-image-330\"\/><\/a><\/figure>\n\n\n\n<figure class=\"wp-block-image size-large\"><a href=\"https:\/\/youtu.be\/uIPAMoGbqtI\"><img loading=\"lazy\" width=\"288\" height=\"162\" src=\"https:\/\/future-teach.de\/wp-content\/uploads\/2020\/11\/Outlook.jpg\" alt=\"\" class=\"wp-image-413\"\/><\/a><\/figure>\n\n\n\n<figure class=\"wp-block-image size-large\"><a href=\"https:\/\/www.youtube.com\/watch?v=ZvRUX4lPIr0&amp;t\"><img loading=\"lazy\" width=\"288\" height=\"162\" src=\"https:\/\/future-teach.de\/wp-content\/uploads\/2020\/10\/Kleines-Symbol.jpg\" alt=\"\nDas Erkl\u00e4rvideo stellt die Palette der Office 365 Apps vor und beantwortet die Frage, was diese k\u00f6nnen.Es werden in Summe \u00fcber 20 Microsoft Office Programme in K\u00fcrze besprochen. Die Zielgruppe des Videos sind in erster Linie Lehrer, Dozenten und Schulen. \" class=\"wp-image-369\"\/><\/a><\/figure>\n\n\n\n<figure class=\"wp-block-image size-large\"><a href=\"https:\/\/www.youtube.com\/watch?v=yj-RzteQiIw\"><img loading=\"lazy\" width=\"288\" height=\"162\" src=\"https:\/\/future-teach.de\/wp-content\/uploads\/2020\/04\/Forms-2.jpg\" alt=\"\" class=\"wp-image-308\"\/><\/a><\/figure>\n<\/div>\n<\/div>\n\n\n\n<h3 class=\"has-text-color\" style=\"color:#0098a2\">Interviews<\/h3>\n\n\n\n<figure class=\"wp-block-image size-large\"><a href=\"https:\/\/www.youtube.com\/watch?v=cXA-slM5n8M&amp;t\"><img loading=\"lazy\" width=\"288\" height=\"162\" src=\"https:\/\/future-teach.de\/wp-content\/uploads\/2020\/10\/KI-Interview.jpg\" alt=\"\" class=\"wp-image-373\"\/><\/a><\/figure>\n\n\n\n<figure class=\"wp-block-image size-large\"><a href=\"https:\/\/www.youtube.com\/watch?v=KD9yPnpO0cw&amp;t\"><img loading=\"lazy\" width=\"288\" height=\"162\" src=\"https:\/\/future-teach.de\/wp-content\/uploads\/2020\/11\/Tabletklasse.jpg\" alt=\"Tabletklasse erstellen - Interview mit Schulleitung\" class=\"wp-image-411\"\/><\/a><\/figure>\n\n\n\n<h3 class=\"has-text-color\" style=\"color:#0098a2\">Vergleiche &amp; Sonstiges<\/h3>\n\n\n\n<div class=\"wp-block-columns\">\n<div class=\"wp-block-column\">\n<figure class=\"wp-block-image size-large\"><a href=\"https:\/\/www.youtube.com\/watch?v=-jShdNpfbMc&amp;t\"><img loading=\"lazy\" width=\"288\" height=\"162\" src=\"https:\/\/future-teach.de\/wp-content\/uploads\/2020\/11\/OneNote-vs-Teams.jpg\" alt=\"Teams vs. OneNote - was ist besser f\u00fcr die Speicherung von Daten\" class=\"wp-image-423\"\/><\/a><\/figure>\n\n\n\n<figure class=\"wp-block-image size-large\"><a href=\"https:\/\/youtu.be\/62VbBRuknLY\"><img loading=\"lazy\" width=\"288\" height=\"162\" src=\"https:\/\/future-teach.de\/wp-content\/uploads\/2021\/10\/PC-Bau.jpg\" alt=\"\" class=\"wp-image-478\"\/><\/a><\/figure>\n<\/div>\n\n\n\n<div class=\"wp-block-column\">\n<figure class=\"wp-block-image size-large\"><a href=\"https:\/\/www.youtube.com\/watch?v=_OxUWBU1eKI&amp;t=1s\"><img loading=\"lazy\" width=\"288\" height=\"162\" src=\"https:\/\/future-teach.de\/wp-content\/uploads\/2021\/02\/Lehrerarbeitsplatz.jpg\" alt=\"\" class=\"wp-image-450\"\/><\/a><\/figure>\n\n\n\n<figure class=\"wp-block-image size-large\"><a href=\"https:\/\/youtu.be\/VI3rjMqAvj0\"><img loading=\"lazy\" width=\"288\" height=\"162\" src=\"https:\/\/future-teach.de\/wp-content\/uploads\/2021\/10\/KId-1.png\" alt=\"\" class=\"wp-image-477\"\/><\/a><\/figure>\n<\/div>\n<\/div>\n<\/div>\n\n\n\n<div class=\"wp-block-column\" style=\"flex-basis:33.33%\"><\/div>\n<\/div>\n","protected":false},"excerpt":{"rendered":"<p>Nachfolgend finden sich meine bisher ver\u00f6ffentlichten Youtube Tutorials f\u00fcr Lehrkr\u00e4fte (Youtube Abolink hier). Die Tutorials sollen eine Starthilfe zum Selbststudium geben. Allgemeine Tutorials f\u00fcr Lehrkr\u00e4fte Office 365 Tutorials K.I. Tutorials Methoden Tutorials Interviews Vergleiche &amp; Sonstiges<\/p>\n","protected":false},"author":1,"featured_media":0,"parent":0,"menu_order":0,"comment_status":"closed","ping_status":"closed","template":"","meta":[],"yoast_head":"<!-- This site is optimized with the Yoast SEO plugin v18.4.1 - https:\/\/yoast.com\/wordpress\/plugins\/seo\/ -->\n<title>Youtube Tutorials f\u00fcr Lehrkr\u00e4fte Tutorials f\u00fcr Lehrer - Future-Teach<\/title>\n<meta name=\"description\" content=\"Video Tutorials f\u00fcr Lehrkr\u00e4fte - Digitalisierung im Selbststudium mit OneNote. Anleitung mit Erkl\u00e4rung.\" \/>\n<meta name=\"robots\" content=\"index, follow, max-snippet:-1, max-image-preview:large, max-video-preview:-1\" \/>\n<link rel=\"canonical\" href=\"https:\/\/future-teach.de\/?page_id=13\" \/>\n<meta property=\"og:locale\" content=\"de_DE\" \/>\n<meta property=\"og:type\" content=\"article\" \/>\n<meta property=\"og:title\" content=\"Youtube Tutorials f\u00fcr Lehrkr\u00e4fte Tutorials f\u00fcr Lehrer - Future-Teach\" \/>\n<meta property=\"og:description\" content=\"Video Tutorials f\u00fcr Lehrkr\u00e4fte - Digitalisierung im Selbststudium mit OneNote. Anleitung mit Erkl\u00e4rung.\" \/>\n<meta property=\"og:url\" content=\"https:\/\/future-teach.de\/?page_id=13\" \/>\n<meta property=\"og:site_name\" content=\"Future-Teach\" \/>\n<meta property=\"article:modified_time\" content=\"2023-02-12T08:23:29+00:00\" \/>\n<meta property=\"og:image\" content=\"https:\/\/future-teach.de\/wp-content\/uploads\/2020\/10\/Tapucate.jpg\" \/>\n<meta name=\"twitter:card\" content=\"summary_large_image\" \/>\n<meta name=\"twitter:label1\" content=\"Gesch\u00e4tzte Lesezeit\" \/>\n\t<meta name=\"twitter:data1\" content=\"10\u00a0Minuten\" \/>\n<script type=\"application\/ld+json\" class=\"yoast-schema-graph\">{\"@context\":\"https:\/\/schema.org\",\"@graph\":[{\"@type\":\"WebSite\",\"@id\":\"https:\/\/future-teach.de\/#website\",\"url\":\"https:\/\/future-teach.de\/\",\"name\":\"Future-Teach\",\"description\":\"Digitales Unterrichten Tutorials, Trainings, Beitr\u00e4ge - Martin T\u00fcrck\",\"potentialAction\":[{\"@type\":\"SearchAction\",\"target\":{\"@type\":\"EntryPoint\",\"urlTemplate\":\"https:\/\/future-teach.de\/?s={search_term_string}\"},\"query-input\":\"required name=search_term_string\"}],\"inLanguage\":\"de\"},{\"@type\":\"ImageObject\",\"@id\":\"https:\/\/future-teach.de\/?page_id=13#primaryimage\",\"inLanguage\":\"de\",\"url\":\"https:\/\/future-teach.de\/wp-content\/uploads\/2020\/10\/Tapucate.jpg\",\"contentUrl\":\"https:\/\/future-teach.de\/wp-content\/uploads\/2020\/10\/Tapucate.jpg\",\"width\":288,\"height\":162},{\"@type\":\"WebPage\",\"@id\":\"https:\/\/future-teach.de\/?page_id=13#webpage\",\"url\":\"https:\/\/future-teach.de\/?page_id=13\",\"name\":\"Youtube Tutorials f\u00fcr Lehrkr\u00e4fte Tutorials f\u00fcr Lehrer - Future-Teach\",\"isPartOf\":{\"@id\":\"https:\/\/future-teach.de\/#website\"},\"primaryImageOfPage\":{\"@id\":\"https:\/\/future-teach.de\/?page_id=13#primaryimage\"},\"datePublished\":\"2020-01-02T14:45:50+00:00\",\"dateModified\":\"2023-02-12T08:23:29+00:00\",\"description\":\"Video Tutorials f\u00fcr Lehrkr\u00e4fte - Digitalisierung im Selbststudium mit OneNote. Anleitung mit Erkl\u00e4rung.\",\"breadcrumb\":{\"@id\":\"https:\/\/future-teach.de\/?page_id=13#breadcrumb\"},\"inLanguage\":\"de\",\"potentialAction\":[{\"@type\":\"ReadAction\",\"target\":[\"https:\/\/future-teach.de\/?page_id=13\"]}]},{\"@type\":\"BreadcrumbList\",\"@id\":\"https:\/\/future-teach.de\/?page_id=13#breadcrumb\",\"itemListElement\":[{\"@type\":\"ListItem\",\"position\":1,\"name\":\"Startseite\",\"item\":\"https:\/\/future-teach.de\/\"},{\"@type\":\"ListItem\",\"position\":2,\"name\":\"Youtube Tutorials f\u00fcr Lehrkr\u00e4fte\"}]}]}<\/script>\n<!-- \/ Yoast SEO plugin. -->","yoast_head_json":{"title":"Youtube Tutorials f\u00fcr Lehrkr\u00e4fte Tutorials f\u00fcr Lehrer - Future-Teach","description":"Video Tutorials f\u00fcr Lehrkr\u00e4fte - Digitalisierung im Selbststudium mit OneNote. Anleitung mit Erkl\u00e4rung.","robots":{"index":"index","follow":"follow","max-snippet":"max-snippet:-1","max-image-preview":"max-image-preview:large","max-video-preview":"max-video-preview:-1"},"canonical":"https:\/\/future-teach.de\/?page_id=13","og_locale":"de_DE","og_type":"article","og_title":"Youtube Tutorials f\u00fcr Lehrkr\u00e4fte Tutorials f\u00fcr Lehrer - Future-Teach","og_description":"Video Tutorials f\u00fcr Lehrkr\u00e4fte - Digitalisierung im Selbststudium mit OneNote. Anleitung mit Erkl\u00e4rung.","og_url":"https:\/\/future-teach.de\/?page_id=13","og_site_name":"Future-Teach","article_modified_time":"2023-02-12T08:23:29+00:00","og_image":[{"url":"https:\/\/future-teach.de\/wp-content\/uploads\/2020\/10\/Tapucate.jpg"}],"twitter_card":"summary_large_image","twitter_misc":{"Gesch\u00e4tzte Lesezeit":"10\u00a0Minuten"},"schema":{"@context":"https:\/\/schema.org","@graph":[{"@type":"WebSite","@id":"https:\/\/future-teach.de\/#website","url":"https:\/\/future-teach.de\/","name":"Future-Teach","description":"Digitales Unterrichten Tutorials, Trainings, Beitr\u00e4ge - Martin T\u00fcrck","potentialAction":[{"@type":"SearchAction","target":{"@type":"EntryPoint","urlTemplate":"https:\/\/future-teach.de\/?s={search_term_string}"},"query-input":"required name=search_term_string"}],"inLanguage":"de"},{"@type":"ImageObject","@id":"https:\/\/future-teach.de\/?page_id=13#primaryimage","inLanguage":"de","url":"https:\/\/future-teach.de\/wp-content\/uploads\/2020\/10\/Tapucate.jpg","contentUrl":"https:\/\/future-teach.de\/wp-content\/uploads\/2020\/10\/Tapucate.jpg","width":288,"height":162},{"@type":"WebPage","@id":"https:\/\/future-teach.de\/?page_id=13#webpage","url":"https:\/\/future-teach.de\/?page_id=13","name":"Youtube Tutorials f\u00fcr Lehrkr\u00e4fte Tutorials f\u00fcr Lehrer - Future-Teach","isPartOf":{"@id":"https:\/\/future-teach.de\/#website"},"primaryImageOfPage":{"@id":"https:\/\/future-teach.de\/?page_id=13#primaryimage"},"datePublished":"2020-01-02T14:45:50+00:00","dateModified":"2023-02-12T08:23:29+00:00","description":"Video Tutorials f\u00fcr Lehrkr\u00e4fte - Digitalisierung im Selbststudium mit OneNote. Anleitung mit Erkl\u00e4rung.","breadcrumb":{"@id":"https:\/\/future-teach.de\/?page_id=13#breadcrumb"},"inLanguage":"de","potentialAction":[{"@type":"ReadAction","target":["https:\/\/future-teach.de\/?page_id=13"]}]},{"@type":"BreadcrumbList","@id":"https:\/\/future-teach.de\/?page_id=13#breadcrumb","itemListElement":[{"@type":"ListItem","position":1,"name":"Startseite","item":"https:\/\/future-teach.de\/"},{"@type":"ListItem","position":2,"name":"Youtube Tutorials f\u00fcr Lehrkr\u00e4fte"}]}]}},"_links":{"self":[{"href":"https:\/\/future-teach.de\/index.php?rest_route=\/wp\/v2\/pages\/13"}],"collection":[{"href":"https:\/\/future-teach.de\/index.php?rest_route=\/wp\/v2\/pages"}],"about":[{"href":"https:\/\/future-teach.de\/index.php?rest_route=\/wp\/v2\/types\/page"}],"author":[{"embeddable":true,"href":"https:\/\/future-teach.de\/index.php?rest_route=\/wp\/v2\/users\/1"}],"replies":[{"embeddable":true,"href":"https:\/\/future-teach.de\/index.php?rest_route=%2Fwp%2Fv2%2Fcomments&post=13"}],"version-history":[{"count":56,"href":"https:\/\/future-teach.de\/index.php?rest_route=\/wp\/v2\/pages\/13\/revisions"}],"predecessor-version":[{"id":542,"href":"https:\/\/future-teach.de\/index.php?rest_route=\/wp\/v2\/pages\/13\/revisions\/542"}],"wp:attachment":[{"href":"https:\/\/future-teach.de\/index.php?rest_route=%2Fwp%2Fv2%2Fmedia&parent=13"}],"curies":[{"name":"wp","href":"https:\/\/api.w.org\/{rel}","templated":true}]}}