{"id":155,"date":"2020-01-06T14:50:19","date_gmt":"2020-01-06T13:50:19","guid":{"rendered":"https:\/\/www.future-teach.de\/?page_id=155"},"modified":"2022-08-12T18:35:58","modified_gmt":"2022-08-12T18:35:58","slug":"presse-referenzen","status":"publish","type":"page","link":"https:\/\/future-teach.de\/?page_id=155","title":{"rendered":"Presse &#038; Lehralltag"},"content":{"rendered":"\n<p><strong>Artikel bei Wissenschule<\/strong><\/p>\n\n\n\n<div class=\"wp-block-columns\">\n<div class=\"wp-block-column\">\n<figure class=\"wp-block-image size-large\"><a href=\"https:\/\/www.wissensschule.de\/tod-der-hausaufgabe-durch-k-i\/\"><img loading=\"lazy\" width=\"1024\" height=\"1024\" src=\"https:\/\/future-teach.de\/wp-content\/uploads\/2022\/08\/DALL\u00b7E-2022-08-12-19.54.36-drawing-of-artifical-intelligence-robot-writing-homework-for-school-1024x1024.png\" alt=\"\" class=\"wp-image-527\"\/><\/a><\/figure>\n<\/div>\n\n\n\n<div class=\"wp-block-column\">\n<p>Zur Zukunft der Hausaufgaben habe ich einen Artikel f\u00fcr das Onlinemagazin Wissenschule schreiben d\u00fcrfen. <a href=\"https:\/\/www.wissensschule.de\/tod-der-hausaufgabe-durch-k-i\/\">Hier gehts zum Artikel.<\/a> Es geht unter anderem um GPT 3 und Dall-E, dass ich seit kurzem testen darf.<\/p>\n<\/div>\n<\/div>\n\n\n\n<p><strong>Artikel im Exitingedu Magazin (Klett)<\/strong><\/p>\n\n\n\n<div class=\"wp-block-columns\">\n<div class=\"wp-block-column\">\n<figure class=\"wp-block-image size-large\"><a href=\"https:\/\/excitingedu.de\/wp-content\/uploads\/2022\/05\/Magazin-excitingedu_Ausgabe-1-22_ePaper_EB.pdf\"><img loading=\"lazy\" width=\"973\" height=\"781\" src=\"https:\/\/future-teach.de\/wp-content\/uploads\/2022\/06\/exiting-edu.jpg\" alt=\"\" class=\"wp-image-521\"\/><\/a><\/figure>\n<\/div>\n\n\n\n<div class=\"wp-block-column\">\n<p>K\u00fcnstliche Intelligenz in Schulen, sowie aktuelle M\u00f6glichkeiten und Limitationen ist Thema in einem Gastbeitrag. Den vollst\u00e4ndigen Artikel des Exitingedu Magazins vom Klettverlag gibts<a href=\"https:\/\/excitingedu.de\/wp-content\/uploads\/2022\/05\/Magazin-excitingedu_Ausgabe-1-22_ePaper_EB.pdf\"> hier <\/a> auf Seite 18 und 19 (PDF). <\/p>\n<\/div>\n<\/div>\n\n\n\n<p><strong>Artikel und Interview bei World Skills Germany<\/strong><\/p>\n\n\n\n<div class=\"wp-block-columns\">\n<div class=\"wp-block-column\">\n<figure class=\"wp-block-image size-large\"><a href=\"https:\/\/www.worldskillsgermany.com\/de\/blog\/2021\/11\/30\/mehr-eigen-initiative-ist-gefragt\/\"><img loading=\"lazy\" width=\"1024\" height=\"921\" src=\"https:\/\/future-teach.de\/wp-content\/uploads\/2021\/12\/WorldSkills_Germany_Logo_rgb-1024x921.jpg\" alt=\"\" class=\"wp-image-503\"\/><\/a><\/figure>\n<\/div>\n\n\n\n<div class=\"wp-block-column\">\n<p>Unsere jungen Handwerkstalente f\u00fcr den internationalen Wettkampf fitt machen ist eines der Ziele von world skills Germany. Neben einer Plattform f\u00fcr berufliche Wieterbildung und Excellenz werden vorallem Themen der beruflichen Bildung behandelt. Gemeinsam mit anderen Experten durfte auch ich einen kleinen Beitrag in der neusten Magazinausgabe als Interviewpartner beisteuern. Der Artikel ist<a href=\"https:\/\/www.worldskillsgermany.com\/de\/blog\/2021\/11\/30\/mehr-eigen-initiative-ist-gefragt\/\"> hier <\/a>.<\/p>\n<\/div>\n<\/div>\n\n\n\n<p><strong>Workshop beim Jahreskongress f\u00fcr berufliche Bildung (jakobb)<\/strong><\/p>\n\n\n\n<div class=\"wp-block-columns\">\n<div class=\"wp-block-column\">\n<figure class=\"wp-block-image size-large\"><img loading=\"lazy\" width=\"845\" height=\"506\" src=\"https:\/\/future-teach.de\/wp-content\/uploads\/2021\/12\/ki.jpg\" alt=\"\" class=\"wp-image-495\"\/><\/figure>\n<\/div>\n\n\n\n<div class=\"wp-block-column\">\n<p>Beim <a href=\"https:\/\/online.flippingbook.com\/view\/790228438\/\">diesj\u00e4hrigen Jahreskongress<\/a> f\u00fcr berufliche Bildung stand die Digitalisierung im Vordergrund. Mein Workshop behandelte das Thema:&#8220;K.I.: neueste Entwicklungen, Chancen und Gefahren im Schuleinsatz&#8220;. Zun\u00e4chst ging es um allgemeine K.I. Entwicklungen, Meilensteine und das Funktionsprinzip von neuronalen Netzwerken. Danach wurden konkretere Arbeitsfelder im Bereich der Text-, Audio-, Bild-, und Videogenerierung besprochen um zuletzt auf Anwendungsm\u00f6glichkeiten und Limitationen im Schulbereich zu kommen.<\/p>\n<\/div>\n<\/div>\n\n\n\n<p><strong>Come-Together Preisverleihung<\/strong> durch Landrat Will<\/p>\n\n\n\n<div class=\"wp-block-columns\">\n<div class=\"wp-block-column\">\n<figure class=\"wp-block-embed is-type-video is-provider-youtube wp-block-embed-youtube wp-embed-aspect-16-9 wp-has-aspect-ratio\"><div class=\"wp-block-embed__wrapper\">\n<iframe title=\"Come-Together-Preisverleihung 2021\" width=\"640\" height=\"360\" src=\"https:\/\/www.youtube.com\/embed\/vyUKnX4v6vI?feature=oembed\" frameborder=\"0\" allow=\"accelerometer; autoplay; clipboard-write; encrypted-media; gyroscope; picture-in-picture\" allowfullscreen><\/iframe>\n<\/div><\/figure>\n\n\n\n<figure class=\"wp-block-embed is-type-video is-provider-youtube wp-block-embed-youtube wp-embed-aspect-16-9 wp-has-aspect-ratio\"><div class=\"wp-block-embed__wrapper\">\n<iframe title=\"Martin T\u00fcrck\" width=\"640\" height=\"360\" src=\"https:\/\/www.youtube.com\/embed\/fAu8OsCOn0k?feature=oembed\" frameborder=\"0\" allow=\"accelerometer; autoplay; clipboard-write; encrypted-media; gyroscope; picture-in-picture\" allowfullscreen><\/iframe>\n<\/div><\/figure>\n<\/div>\n\n\n\n<div class=\"wp-block-column\">\n<p>Danke f\u00fcr die Verleihung des Come Together Preises f\u00fcr Demokratie und Menschenrechte! Dank geht an die Sch\u00fclerinnen und Sch\u00fcler, die in der Vergangenheit die AG getragen haben sowie die Schulleitung f\u00fcr den Vorschlag und den Kreisausschuss f\u00fcr die Nominierung und Wahl. <\/p>\n\n\n\n<p>Hier gibt\u2019s den Artikel, der als Pressemitteilung raus gegangen ist: <a href=\"https:\/\/m.facebook.com\/KreisGG\/?refid=52&amp;__tn__=C-R\">Facebook<\/a><\/p>\n\n\n\n<p><a href=\"https:\/\/www.genios.de\/presse-archiv\/artikel\/DECH\/20211113\/preisverleihung-an-besonderem-ort\/293517430001636758000.html\">Darmst\u00e4dter Echo<\/a><\/p>\n\n\n\n<p><a href=\"https:\/\/www.echo-online.de\/lokales\/kreis-gross-gerau\/bischofsheim\/preisverleihung-in-bischofsheim-an-besonderem-ort_24819294\">Echo Online<\/a><\/p>\n\n\n\n<figure class=\"wp-block-image size-large\"><img loading=\"lazy\" width=\"1024\" height=\"683\" src=\"https:\/\/future-teach.de\/wp-content\/uploads\/2021\/11\/hier-1-1024x683.jpg\" alt=\"\" class=\"wp-image-487\"\/><\/figure>\n<\/div>\n<\/div>\n\n\n\n<p><strong>Was macht die Kreativ-AG<\/strong><\/p>\n\n\n\n<div class=\"wp-block-columns\">\n<div class=\"wp-block-column\">\n<figure class=\"wp-block-embed is-type-video is-provider-youtube wp-block-embed-youtube wp-embed-aspect-16-9 wp-has-aspect-ratio\"><div class=\"wp-block-embed__wrapper\">\n<iframe title=\"Devoteam als Sponsor der Kreativ AG der BSGG\" width=\"640\" height=\"360\" src=\"https:\/\/www.youtube.com\/embed\/fqXsNfLTlhk?feature=oembed\" frameborder=\"0\" allow=\"accelerometer; autoplay; clipboard-write; encrypted-media; gyroscope; picture-in-picture\" allowfullscreen><\/iframe>\n<\/div><\/figure>\n<\/div>\n\n\n\n<div class=\"wp-block-column\">\n<p>Der diesj\u00e4hrige Sponsor der Kreativ-AG <a href=\"https:\/\/de.devoteam.com\/\">Devoteam<\/a> hat einen kurzen Film \u00fcber die Kreativ-AG gedreht. Der Film ist im Herbst enstanden, bei einem der letzten M\u00f6glichkeiten zum Zusammenkommen.<\/p>\n<\/div>\n<\/div>\n\n\n\n<p><strong>SAT1 zu Gast an der Schule und im Unterricht<\/strong><\/p>\n\n\n\n<div class=\"wp-block-columns\">\n<div class=\"wp-block-column\">\n<figure class=\"wp-block-image size-large\"><a href=\"https:\/\/www.1730live.de\/schulstart-nach-herbstferien-im-interview-kultusminister-alexander-lorz\/\"><img loading=\"lazy\" width=\"830\" height=\"469\" src=\"https:\/\/future-teach.de\/wp-content\/uploads\/2020\/10\/Interview.jpg\" alt=\"\" class=\"wp-image-401\"\/><\/a><\/figure>\n<\/div>\n\n\n\n<div class=\"wp-block-column\">\n<p>Sat 1 war zu Gast an unserer Schule und im Unterricht :-). Den Bericht inklusive dem Interview unseres Kultusministers Alexander Lortz gibts <a href=\"https:\/\/www.1730live.de\/schulstart-nach-herbstferien-im-interview-kultusminister-alexander-lorz\/\">hier<\/a>.<\/p>\n<\/div>\n<\/div>\n\n\n\n<p><strong>Portraitzeichen-Wettbewerb mit dunkler K\u00f6nigin!<\/strong><\/p>\n\n\n\n<div class=\"wp-block-columns\">\n<div class=\"wp-block-column\">\n<figure class=\"wp-block-image size-large\"><img src=\"https:\/\/www.bsgg.net\/fileadmin\/_processed_\/7\/2\/csm_IMG_20200921_161127_3b95add90e.jpg\" alt=\"\"\/><\/figure>\n<\/div>\n\n\n\n<div class=\"wp-block-column\">\n<p>Bevor es an das Winterprojekt der Kreativ-AG geht nahmen die Lernden am 21.09.2020 die Chance war in einer Zeichenchallenge gegeneinander anzutreten. Auch die Lehrkraft T\u00fcrck versuchte ihr Gl\u00fcck mit einer Zeichnung mit gr\u00fcnem Korrekturstift &#8211; war aber nat\u00fcrlich chancenlos gegen die hochbegabten Kreativen der AG. Frau Ann-Kathrin Grunau stand als professionell gestyltes Kunstmodell zur Verf\u00fcgung. Den vollst\u00e4ndigen Artikel und das Kunstwerk <a href=\"https:\/\/www.bsgg.net\/news\/artikel\/portraitzeichen-wettbewerb-mit-dunkler-koenigin\/\">gibt es hier<\/a><\/p>\n<\/div>\n<\/div>\n\n\n\n<p><strong>Jobcenter &#8222;unter Wasser&#8220; &#8211; Landrat Will weiht Bilder der Kreativ-AG ein<\/strong><\/p>\n\n\n\n<div class=\"wp-block-columns\">\n<div class=\"wp-block-column\">\n<figure class=\"wp-block-image size-large\"><img loading=\"lazy\" width=\"1024\" height=\"813\" src=\"https:\/\/future-teach.de\/wp-content\/uploads\/2020\/05\/Zeitung-1024x813.jpg\" alt=\"\" class=\"wp-image-357\"\/><\/figure>\n<\/div>\n\n\n\n<div class=\"wp-block-column\">\n<p>Trotz erschwerten Bedingungen und Corona-Chaos \u00fcberreichten die Sch\u00fclerinnen und Sch\u00fcler der Kreativ-AG am 25.05.2020 Landrat Thomas Will Gem\u00e4lde f\u00fcr die Geb\u00e4ude des Kreises. Alle setzen die sonst sehr &#8222;n\u00fcchternen&#8220; Institutionen anders in Szene. Die Bilder werden k\u00fcnftig in den Geb\u00e4uden aufgeh\u00e4ngt. Der Artikel im Echo ist <a href=\"https:\/\/www.echo-online.de\/lokales\/kreis-gross-gerau\/kreis-gross-gerau\/gebaude-des-kreises-gross-gerau-in-ungewohnter-umgebung_21722635\">hier zu finden. <\/a>Das Projekt f\u00fcr das n\u00e4chste halbe Jahr ist auch bereits schon in Planung. Voraussichtlich geht es dabei in die ZUKUNFT!<\/p>\n<\/div>\n<\/div>\n\n\n\n<p><strong>Digital Unterrichten &#8211; Chancen und Herausforderung einer Tabletklasse<\/strong><\/p>\n\n\n\n<div class=\"wp-block-columns\">\n<div class=\"wp-block-column\">\n<figure class=\"wp-block-image size-large\"><img loading=\"lazy\" width=\"1000\" height=\"750\" src=\"https:\/\/future-teach.de\/wp-content\/uploads\/2020\/04\/Diskussion-Artikel.jpg\" alt=\"\" class=\"wp-image-281\"\/><\/figure>\n<\/div>\n\n\n\n<div class=\"wp-block-column\">\n<p>Welche Chancen und Risiken bietet der Unterricht mit Tabletklassen? Angehende Lehrkr\u00e4fte des <a href=\"https:\/\/sts-bs-darmstadt.bildung.hessen.de\/\">Studienseminars Darmstadt<\/a>, unter der Leitung von Hartmut Damm, die Verlags- und Redaktionsleitung des <a href=\"https:\/\/www.wochenschau-verlag.de\/\">Wochenschau-Verlages<\/a>, Tessa Debus und Silke Schneider, sowie die Wirtschaftsleitung der <a href=\"https:\/\/www.bsgg.net\/\">BSGG<\/a>, Sabine K\u00e4mpf, diskutierten am Mittwoch den 26.02.2020 hierzu. Der Austausch war spanned und kritisch. Gerade die t\u00e4glichen Probleme in der Lebenswelt vieler Lehrkr\u00e4fte, samt Widerst\u00e4nde im Kollegium, wurden deutlich. Alle Teilnehmer waren sich einig, dass alle Akteure im Bildungsbereich bestrebt sein sollten die Digitalisierung von Unterricht voranzutreiben und das insbesondere Tabletklassen in der Oberstufe sinnvoll sind &#8211; ein Umstand der schon wenige Wochen sp\u00e4ter durch die erzwungenerweise \u201eCorona Digitalisierung\u201c von Seminar, Verlag, und Schule unterstrichen wurde.  <\/p>\n<\/div>\n<\/div>\n\n\n\n<p><strong>Den digitalen Politikunterricht von Morgen gestalten <\/strong><\/p>\n\n\n\n<div class=\"wp-block-columns\">\n<div class=\"wp-block-column\">\n<figure class=\"wp-block-image size-large\"><img src=\"https:\/\/www.bsgg.net\/fileadmin\/_processed_\/0\/a\/csm_Wochenschau-Verlag_dc1b250fd9.jpg\" alt=\"\"\/><\/figure>\n<\/div>\n\n\n\n<div class=\"wp-block-column\">\n<p>Gemeinsam mit dem Wochenschau Verlag, der f\u00fchrenden deutschen Zeitung f\u00fcr politische Bildung, wurde eine Kooperation zur Verwendung neuer digitaler Methoden im Politikunterricht geschlossen. Mehr dazu auf der <a href=\"https:\/\/www.bsgg.net\/news\/artikel\/den-digitalen-politikunterricht-von-morgen-gestalten\/\">Schulhomepage der BSGG.<\/a><\/p>\n<\/div>\n<\/div>\n\n\n\n<p><strong>Infotag an der BSGG &#8211; Stand der Kreativ-AG<\/strong><\/p>\n\n\n\n<div class=\"wp-block-columns\">\n<div class=\"wp-block-column\">\n<figure class=\"wp-block-image size-large\"><img src=\"https:\/\/www.bsgg.net\/fileadmin\/_processed_\/9\/4\/csm_IMG_20200208_104653_bcd48efd03.jpg\" alt=\"\"\/><\/figure>\n<\/div>\n\n\n\n<div class=\"wp-block-column\">\n<p>Am Samstag, den 08.02.2020, stellten die Sch\u00fclerinnen und Sch\u00fcler der Kreativ-AG im Rahmen des Infotages der BSGG ihre privaten Werke vor. Mehr Bilder gibts <a href=\"https:\/\/www.bsgg.net\/projekte-ags\/zusatzqualifikationen-ags\/kreativ-ag\/\">hier.<\/a><\/p>\n<\/div>\n<\/div>\n\n\n\n<p><strong>Gem\u00e4lde f\u00fcr graue Schulw\u00e4nde<\/strong><\/p>\n\n\n\n<div class=\"wp-block-columns\">\n<div class=\"wp-block-column\">\n<figure class=\"wp-block-image size-large\"><img src=\"https:\/\/www.bsgg.net\/fileadmin\/_processed_\/c\/6\/csm_kreativ-2_a2ea6a6ad9.jpg\" alt=\"\"\/><\/figure>\n\n\n\n<figure class=\"wp-block-image size-large\"><img src=\"https:\/\/www.bsgg.net\/fileadmin\/_processed_\/7\/0\/csm_kreativ-1_0a004305af.jpg\" alt=\"\"\/><\/figure>\n<\/div>\n\n\n\n<div class=\"wp-block-column\">\n<p>Die Kreativ-AG hat mit dem Projekt &#8222;Freiem Wissen&#8220; im letzten Halbjahr 2019 die Schule dekoriert. Das n\u00e4chste Projekt befindet sich derweil schon in Planung. Aufgrund der Kooperationszusage des Landrates sind die Erwartungen hoch. Mehr dazu auf der <a href=\"https:\/\/www.bsgg.net\/news\/artikel\/kreativ-ag-vereint-lernende\/\">Schulhomepage der BSGG.<\/a><\/p>\n<\/div>\n<\/div>\n\n\n\n<p><strong>Kreativ-AG in der Zeitung<\/strong><\/p>\n\n\n\n<div class=\"wp-block-columns\">\n<div class=\"wp-block-column\">\n<figure class=\"wp-block-image size-large\"><img src=\"https:\/\/cdn.meine-vrm.de\/Zt83IgQSejjszzfN0gCzB7-2R5Y=\/1020x510\/smart\/819%2F20181%2F20181372%2F41858735.jpg\" alt=\"\"\/><\/figure>\n\n\n\n<figure class=\"wp-block-image size-large\"><img src=\"https:\/\/www.bsgg.net\/fileadmin\/_processed_\/a\/c\/csm_IMG_20190528_140422_a97e2997e8.jpg\" alt=\"\"\/><\/figure>\n<\/div>\n\n\n\n<div class=\"wp-block-column\">\n<p><a href=\"https:\/\/www.echo-online.de\/lokales\/kreis-gross-gerau\/gross-gerau\/gross-gerauer-wasserturm-in-vielen-facetten_20181373\">Das Echo <\/a>berichtet \u00fcber die Einweihung der Bilder der ersten Kreativ-AG der beruflichen Schulen Gro\u00df-Gerau. Die f\u00fcnf Sch\u00fclerinnen und Sch\u00fcler der AG haben als Motiv den st\u00e4dtischen Wasserturm in 1&#215;1 Meter auf Acrylleinwand gemalt. Ein ausf\u00fchrlicher Bericht des Events findet sich auch auf der <a href=\"https:\/\/www.bsgg.net\/news\/artikel\/vernissage-kunstspektakel-an-der-bsgg\/\">Schulhomepage der BSGG<\/a>.<\/p>\n<\/div>\n<\/div>\n\n\n\n<p><strong>Projekt Geld Geil &#8211; Experten ekl\u00e4ren Geldanlage<\/strong><\/p>\n\n\n\n<div class=\"wp-block-columns\">\n<div class=\"wp-block-column\">\n<figure class=\"wp-block-image size-large\"><img src=\"https:\/\/www.bsgg.net\/fileadmin\/user_upload\/News\/2019\/2019-10-17-Immobilien-und-Aktien-in-der-Projektwoche\/Projektwoche_-_Immobilien_und_Aktien.jpg\" alt=\"\"\/><\/figure>\n<\/div>\n\n\n\n<div class=\"wp-block-column\">\n<p>Im Rahmen der Projektwoche 2019 haben Lernende sich mit dem Themen Geld verdienen mit Aktien und Immobilien befasst. Als Experten f\u00fcr das Projekt &#8222;Geld Geil&#8220; wurden erfahrene Makler eingeladen. Mehr zu dem Projekt gibt es <a href=\"https:\/\/www.bsgg.net\/news\/news-detailansicht\/news\/geld-geil\/?tx_news_pi1%5Bcontroller%5D=News&amp;tx_news_pi1%5Baction%5D=detail&amp;cHash=6c67be7d2cbcf8d41876ca98830eb67b\">hier<\/a>.<\/p>\n<\/div>\n<\/div>\n\n\n\n<p><\/p>\n","protected":false},"excerpt":{"rendered":"<p>Artikel bei Wissenschule Zur Zukunft der Hausaufgaben habe ich einen Artikel f\u00fcr das Onlinemagazin Wissenschule schreiben d\u00fcrfen. Hier gehts zum Artikel. Es geht unter anderem um GPT 3 und Dall-E, dass ich seit kurzem testen darf. Artikel im Exitingedu Magazin (Klett) K\u00fcnstliche Intelligenz in Schulen, sowie aktuelle M\u00f6glichkeiten und Limitationen ist Thema in einem Gastbeitrag. [&hellip;]<\/p>\n","protected":false},"author":1,"featured_media":0,"parent":0,"menu_order":0,"comment_status":"closed","ping_status":"closed","template":"","meta":[],"yoast_head":"<!-- This site is optimized with the Yoast SEO plugin v18.4.1 - https:\/\/yoast.com\/wordpress\/plugins\/seo\/ -->\n<title>Presseberichte und Lehralltag zu Martin T\u00fcrck und Future-Teach<\/title>\n<meta name=\"description\" content=\"Preseakrtikel Online-Referenzen und aktuelles rund um Lehraktivit\u00e4ten von Martin T\u00fcrck.\" \/>\n<meta name=\"robots\" content=\"index, follow, max-snippet:-1, max-image-preview:large, max-video-preview:-1\" \/>\n<link rel=\"canonical\" href=\"https:\/\/future-teach.de\/?page_id=155\" \/>\n<meta property=\"og:locale\" content=\"de_DE\" \/>\n<meta property=\"og:type\" content=\"article\" \/>\n<meta property=\"og:title\" content=\"Presseberichte und Lehralltag zu Martin T\u00fcrck und Future-Teach\" \/>\n<meta property=\"og:description\" content=\"Preseakrtikel Online-Referenzen und aktuelles rund um Lehraktivit\u00e4ten von Martin T\u00fcrck.\" \/>\n<meta property=\"og:url\" content=\"https:\/\/future-teach.de\/?page_id=155\" \/>\n<meta property=\"og:site_name\" content=\"Future-Teach\" \/>\n<meta property=\"article:modified_time\" content=\"2022-08-12T18:35:58+00:00\" \/>\n<meta property=\"og:image\" content=\"https:\/\/future-teach.de\/wp-content\/uploads\/2022\/08\/DALL\u00b7E-2022-08-12-19.54.36-drawing-of-artifical-intelligence-robot-writing-homework-for-school-1024x1024.png\" \/>\n<meta name=\"twitter:card\" content=\"summary_large_image\" \/>\n<meta name=\"twitter:label1\" content=\"Gesch\u00e4tzte Lesezeit\" \/>\n\t<meta name=\"twitter:data1\" content=\"8\u00a0Minuten\" \/>\n<script type=\"application\/ld+json\" class=\"yoast-schema-graph\">{\"@context\":\"https:\/\/schema.org\",\"@graph\":[{\"@type\":\"WebSite\",\"@id\":\"https:\/\/future-teach.de\/#website\",\"url\":\"https:\/\/future-teach.de\/\",\"name\":\"Future-Teach\",\"description\":\"Digitales Unterrichten Tutorials, Trainings, Beitr\u00e4ge - Martin T\u00fcrck\",\"potentialAction\":[{\"@type\":\"SearchAction\",\"target\":{\"@type\":\"EntryPoint\",\"urlTemplate\":\"https:\/\/future-teach.de\/?s={search_term_string}\"},\"query-input\":\"required name=search_term_string\"}],\"inLanguage\":\"de\"},{\"@type\":\"ImageObject\",\"@id\":\"https:\/\/future-teach.de\/?page_id=155#primaryimage\",\"inLanguage\":\"de\",\"url\":\"https:\/\/future-teach.de\/wp-content\/uploads\/2022\/08\/DALL\u00b7E-2022-08-12-19.54.36-drawing-of-artifical-intelligence-robot-writing-homework-for-school.png\",\"contentUrl\":\"https:\/\/future-teach.de\/wp-content\/uploads\/2022\/08\/DALL\u00b7E-2022-08-12-19.54.36-drawing-of-artifical-intelligence-robot-writing-homework-for-school.png\",\"width\":1024,\"height\":1024},{\"@type\":\"WebPage\",\"@id\":\"https:\/\/future-teach.de\/?page_id=155#webpage\",\"url\":\"https:\/\/future-teach.de\/?page_id=155\",\"name\":\"Presseberichte und Lehralltag zu Martin T\u00fcrck und Future-Teach\",\"isPartOf\":{\"@id\":\"https:\/\/future-teach.de\/#website\"},\"primaryImageOfPage\":{\"@id\":\"https:\/\/future-teach.de\/?page_id=155#primaryimage\"},\"datePublished\":\"2020-01-06T13:50:19+00:00\",\"dateModified\":\"2022-08-12T18:35:58+00:00\",\"description\":\"Preseakrtikel Online-Referenzen und aktuelles rund um Lehraktivit\u00e4ten von Martin T\u00fcrck.\",\"breadcrumb\":{\"@id\":\"https:\/\/future-teach.de\/?page_id=155#breadcrumb\"},\"inLanguage\":\"de\",\"potentialAction\":[{\"@type\":\"ReadAction\",\"target\":[\"https:\/\/future-teach.de\/?page_id=155\"]}]},{\"@type\":\"BreadcrumbList\",\"@id\":\"https:\/\/future-teach.de\/?page_id=155#breadcrumb\",\"itemListElement\":[{\"@type\":\"ListItem\",\"position\":1,\"name\":\"Startseite\",\"item\":\"https:\/\/future-teach.de\/\"},{\"@type\":\"ListItem\",\"position\":2,\"name\":\"Presse &#038; Lehralltag\"}]}]}<\/script>\n<!-- \/ Yoast SEO plugin. -->","yoast_head_json":{"title":"Presseberichte und Lehralltag zu Martin T\u00fcrck und Future-Teach","description":"Preseakrtikel Online-Referenzen und aktuelles rund um Lehraktivit\u00e4ten von Martin T\u00fcrck.","robots":{"index":"index","follow":"follow","max-snippet":"max-snippet:-1","max-image-preview":"max-image-preview:large","max-video-preview":"max-video-preview:-1"},"canonical":"https:\/\/future-teach.de\/?page_id=155","og_locale":"de_DE","og_type":"article","og_title":"Presseberichte und Lehralltag zu Martin T\u00fcrck und Future-Teach","og_description":"Preseakrtikel Online-Referenzen und aktuelles rund um Lehraktivit\u00e4ten von Martin T\u00fcrck.","og_url":"https:\/\/future-teach.de\/?page_id=155","og_site_name":"Future-Teach","article_modified_time":"2022-08-12T18:35:58+00:00","og_image":[{"url":"https:\/\/future-teach.de\/wp-content\/uploads\/2022\/08\/DALL\u00b7E-2022-08-12-19.54.36-drawing-of-artifical-intelligence-robot-writing-homework-for-school-1024x1024.png"}],"twitter_card":"summary_large_image","twitter_misc":{"Gesch\u00e4tzte Lesezeit":"8\u00a0Minuten"},"schema":{"@context":"https:\/\/schema.org","@graph":[{"@type":"WebSite","@id":"https:\/\/future-teach.de\/#website","url":"https:\/\/future-teach.de\/","name":"Future-Teach","description":"Digitales Unterrichten Tutorials, Trainings, Beitr\u00e4ge - Martin T\u00fcrck","potentialAction":[{"@type":"SearchAction","target":{"@type":"EntryPoint","urlTemplate":"https:\/\/future-teach.de\/?s={search_term_string}"},"query-input":"required name=search_term_string"}],"inLanguage":"de"},{"@type":"ImageObject","@id":"https:\/\/future-teach.de\/?page_id=155#primaryimage","inLanguage":"de","url":"https:\/\/future-teach.de\/wp-content\/uploads\/2022\/08\/DALL\u00b7E-2022-08-12-19.54.36-drawing-of-artifical-intelligence-robot-writing-homework-for-school.png","contentUrl":"https:\/\/future-teach.de\/wp-content\/uploads\/2022\/08\/DALL\u00b7E-2022-08-12-19.54.36-drawing-of-artifical-intelligence-robot-writing-homework-for-school.png","width":1024,"height":1024},{"@type":"WebPage","@id":"https:\/\/future-teach.de\/?page_id=155#webpage","url":"https:\/\/future-teach.de\/?page_id=155","name":"Presseberichte und Lehralltag zu Martin T\u00fcrck und Future-Teach","isPartOf":{"@id":"https:\/\/future-teach.de\/#website"},"primaryImageOfPage":{"@id":"https:\/\/future-teach.de\/?page_id=155#primaryimage"},"datePublished":"2020-01-06T13:50:19+00:00","dateModified":"2022-08-12T18:35:58+00:00","description":"Preseakrtikel Online-Referenzen und aktuelles rund um Lehraktivit\u00e4ten von Martin T\u00fcrck.","breadcrumb":{"@id":"https:\/\/future-teach.de\/?page_id=155#breadcrumb"},"inLanguage":"de","potentialAction":[{"@type":"ReadAction","target":["https:\/\/future-teach.de\/?page_id=155"]}]},{"@type":"BreadcrumbList","@id":"https:\/\/future-teach.de\/?page_id=155#breadcrumb","itemListElement":[{"@type":"ListItem","position":1,"name":"Startseite","item":"https:\/\/future-teach.de\/"},{"@type":"ListItem","position":2,"name":"Presse &#038; Lehralltag"}]}]}},"_links":{"self":[{"href":"https:\/\/future-teach.de\/index.php?rest_route=\/wp\/v2\/pages\/155"}],"collection":[{"href":"https:\/\/future-teach.de\/index.php?rest_route=\/wp\/v2\/pages"}],"about":[{"href":"https:\/\/future-teach.de\/index.php?rest_route=\/wp\/v2\/types\/page"}],"author":[{"embeddable":true,"href":"https:\/\/future-teach.de\/index.php?rest_route=\/wp\/v2\/users\/1"}],"replies":[{"embeddable":true,"href":"https:\/\/future-teach.de\/index.php?rest_route=%2Fwp%2Fv2%2Fcomments&post=155"}],"version-history":[{"count":29,"href":"https:\/\/future-teach.de\/index.php?rest_route=\/wp\/v2\/pages\/155\/revisions"}],"predecessor-version":[{"id":530,"href":"https:\/\/future-teach.de\/index.php?rest_route=\/wp\/v2\/pages\/155\/revisions\/530"}],"wp:attachment":[{"href":"https:\/\/future-teach.de\/index.php?rest_route=%2Fwp%2Fv2%2Fmedia&parent=155"}],"curies":[{"name":"wp","href":"https:\/\/api.w.org\/{rel}","templated":true}]}}