{"id":223,"date":"2020-01-08T13:57:57","date_gmt":"2020-01-08T12:57:57","guid":{"rendered":"https:\/\/www.future-teach.de\/?page_id=223"},"modified":"2020-10-16T10:01:38","modified_gmt":"2020-10-16T10:01:38","slug":"chancen-der-digitalisierung","status":"publish","type":"page","link":"https:\/\/future-teach.de\/?page_id=223","title":{"rendered":"Chancen der Digitalisierung"},"content":{"rendered":"\n<p><strong>Chancen f\u00fcr Lernende und Lehrkr\u00e4fte<\/strong>  <\/p>\n\n\n\n<figure class=\"wp-block-image size-large\"><img loading=\"lazy\" width=\"1024\" height=\"576\" src=\"https:\/\/future-teach.de\/wp-content\/uploads\/2020\/03\/Digital-School-Illusion-1024x576-1.png\" alt=\"Chancen der Digitalisierung\" class=\"wp-image-270\"\/><\/figure>\n\n\n\n<h4>Zwei Welten<\/h4>\n\n\n\n<p>Heutige Arbeitnehmer leben im \u00fcberwiegenden Teil in einer digitalisierten Welt. Das papierlose B\u00fcro ist l\u00e4ngst die Norm. Selten werden noch Papiere in Akten geheftet. In der Regel geschieht dies nur noch aufgrund gesetzlicher Aufbewahrungsregeln. In den meisten Schulen hingegen schleppen sich Lernende morgens noch mit schweren Rucks\u00e4cken in den Unterricht um seitenweise analoge Printmedien zu lesen. Die Schulbibliothek vergibt dutzende B\u00fccher an Sch\u00fcler und Lehrkr\u00e4fte f\u00fchren meist analoge Klassenb\u00fccher. Wenig \u00fcberraschend gibt es also eine Divergenz zwischen Berufswelt und Schule. <\/p>\n\n\n\n<h4>Unterhaltungssoftware bedeutet nicht gleich Medienkompetenz<\/h4>\n\n\n\n<p>Der Unterschied zwischen digitaler Berufs- und analoger Bildungswelt ist f\u00fcr den Erwerb von Grundf\u00e4higkeiten f\u00fcr Lesen und Schreiben vielleicht nicht schlimm, aber sp\u00e4testens ab der Mittelstufe m\u00f6glicherweise eine vertane Chance f\u00fcr Lernende. Nat\u00fcrlich nutzen viele Heranwachsende in ihrer Freizeit digitale Endger\u00e4te, gehen in die Cloud und surfen im Web. Man k\u00f6nnte somit meinen, Schule m\u00fcsse sich nicht um digitale Bildung ihrer Lernenden k\u00fcmmern. Allerdings nutzen Heranwachsende laut <a href=\"https:\/\/www.channelpartner.de\/a\/erst-computer-spielen-dann-schnuersenkel-binden,3041485\">Studien <\/a>digitale Medien prim\u00e4r f\u00fcr Unterhaltungszwecke. Das bedeutet: Unsere Kids k\u00f6nnen Rocket League, WOW und Counterstrike spielen, sowie Snapchats posten, aber haben wenig bis keine Ahnung von Office Programmen und dem kritischen Umgang mit Medien und Quellen. Auch die Arbeit in Teams erfolgt in der Wirtschaft bereits oft virtuell \u00fcber Teamkollaborationssoftware wie z.B. monday.com, MS Teams, just. In der Schule gibt es zwar viele Teamarbeiten, diese aber meist in analoger Weise. Hier bietet die Digitalisierung f\u00fcr Schulen eine Chance n\u00e4her an die berufliche und universit\u00e4re Lebenswelt heranzur\u00fccken. Schulen, die es schaffen die Digitalisierung in den Alltagsunterricht zu integrieren und nicht nur dem Informatikunterricht zu \u00fcberlassen, erziehen m\u00fcndigere digitale B\u00fcrger mit mehr praktischen F\u00e4higkeiten f\u00fcr das B\u00fcro von morgen.<\/p>\n\n\n\n<h4>Nachhaltigkeit<\/h4>\n\n\n\n<p>In Zeiten von Fridays for Future und Greta Thunberg ist Nachhaltigkeit in Gesellschaft, Politik und auch Bildung in aller Munde. Viele Schulen initiieren <a href=\"https:\/\/www.bsgg.net\/news\/news-detailansicht\/news\/ag-sauberhafter-schulweg-umweltschutz-im-alltag\/?tx_news_pi1[controller]=News&amp;tx_news_pi1[action]=detail&amp;cHash=ca13006e3a77f25bbb7972b749c8c163\">M\u00fcllsammelprojekte<\/a> um nachhaltige Erziehung zu f\u00f6rdern und auf M\u00fcllprobleme hinzuweisen. Lehrpl\u00e4ne im Fach Politik ber\u00fccksichtigen das Thema Nachhaltigkeit ab der 12ten Klasse intensiv. Im Gegensatz dazu bilden sich an den meisten Kopierr\u00e4umen von Schulen morgendliche Schlangen. Lehrkr\u00e4fte drucken die f\u00fcr den Unterricht n\u00f6tigen Arbeitsbl\u00e4tter, Klassenarbeiten und Informationszettel. Unmengen an Papier und B\u00e4ume werden gef\u00fchlt durch den Drucker gezogen, um oftmals nach wenigen Monaten wieder im Papierkorb zu verschwinden. Zwar kann man hier argumentieren, das Holz als solches ein nachwachsender Rohstoff ist, dennoch ist die <a href=\"https:\/\/www.umwelt-im-unterricht.de\/hintergrund\/papierherstellung-papierkonsum-und-die-folgen-fuer-die-umwelt\/\">Umweltbilanz bei der Herstellung negativ.<\/a> <\/p>\n\n\n\n<p>Die Digitalisierung des Lehralltages bietet eine nachhaltigere Alternative zu dieser Praxis. <a href=\"https:\/\/www.bsgg.net\/projekte-ags\/projekte-des-unterrichts\/der-weg-zur-tablet-klasse-bg\/\">In Tabletklassen<\/a> werden heute schon au\u00dfer bei Klassenarbeiten, keine Papiere mehr ausgedruckt. Unterrichtsunterlagen werden komplett digital zur Verf\u00fcgung gestellt und auch digital von den Lernenden bearbeitet. Besonders Vorteilhaft ist dies unter dem Gesichtspunkt der Nachhaltigkeit. Nachdem die Informationen nicht mehr gebraucht werden k\u00f6nnen sie einfach gel\u00f6scht werden. Ein direkter M\u00fcllberg entsteht so nicht. Selbstverst\u00e4ndlich bleibt nat\u00fcrlich das Thema der <a href=\"https:\/\/blog.energiedienst.de\/stromverbrauch-internet\/\">Stromkosten f\u00fcr Ger\u00e4te, Cloud, sowie der Herstellungsprozess der digitalen Endger\u00e4te ein Punkt des Nachdenkens<\/a>. <\/p>\n\n\n\n<h4>Zeitersparnisse<\/h4>\n\n\n\n<p>Schulen und Lehrkr\u00e4fte verwenden einen Gro\u00dfteil ihrer Energie auf administrative Prozesse. Die Ausgabe von Vertretungszetteln und Eventinformationen, die Mitteilungen \u00fcber \u00c4nderungen der Schulordnung usw.. <\/p>\n\n\n\n<p>Angefangen bei der Stundenplanerstellung bis hin zu der Verwaltung der E-Maileing\u00e4nge und der Noteneingabe bietet Digitalisierung die Chance zur Vereinfachung durch Automatisierung und K\u00fcrzung der Informationswese. Viele Schulen nutzen bereits vereinzelt digitale Tools um Aufgaben zu beschleunigen. Dabei sind viele der eingesetzten Programme untereinander jedoch nicht vernetzt. Die Wirtschaft setzt f\u00fcr viele Abl\u00e4ufe bereits k\u00fcnstliche Intelligenz ein um Routineprozesse wie Callcenter zu automatisieren. Unternehmenssoftware ist in der Regel \u00fcber gro\u00dfe Datenbanken wie SAP oder Oracle an alle wichtigen Softwareschnitstellen gekoppelt. Auch in Schulen bieten sich mit den Fortschritten von deep learning Chancen beispielsweise Mailtraffic und Anrufe automatisiert abzuwickeln und weiterzuleiten. Bei dem Thema Sch\u00fclerdaten ist dies aufgrund von Datenschutz leider nicht so einfach. <\/p>\n\n\n\n<p>Wo fr\u00fcher Fachschaften ganze R\u00e4ume f\u00fcr alte Pr\u00fcfungsunterlagen genutzt haben, kann heute Platz eingespart werden. Gemeinsame Unterrichtskonzepte und Unterlagen k\u00f6nnen in der Cloud geteilt, bearbeitet und geplant werden. Bei vermehrtem Einsatz von Videokonferenzen und Streaming w\u00e4re es m\u00f6glich einen Teil der schulischen Regelkonferenzen in den digitalen Raum zu verlegen. In der Wirtschaft sind nicht bei jedem Meeting alle Teilnehmer physisch vor Ort, in der Schule schon. Dies frisst Zeit, die bei der Vorbereitung von Unterricht fehlt.<\/p>\n\n\n\n<h4>Aktivere Inhalte<\/h4>\n\n\n\n<p>Viele Menschen kennen Unterricht bei dem Lehrkr\u00e4fte seitenweise Inhalte an die Tafel schreiben. In h\u00f6heren Schulformen wird dieser Prozess durch die Bearbeitung von langen Texten im EVA (Eigenverantwortlichen Unterrichten) abgel\u00f6st. Dies ist nat\u00fcrlich nicht sehr motivationsf\u00f6rderlich f\u00fcr Lernende. Die Arbeit mit digitalen Endger\u00e4ten erlaubt es hingegen mehr Inhalte in visueller und akustischer Form zu vermitteln. Studien belegen, dass heutige Jugendliche mehr dazu neigen Inhalte in audiovisueller als Textform aufzunehmen. Man kann sich nun dar\u00fcber streiten, ob dies ein erw\u00fcnschter Effekt ist. In jedem Fall ist es die Realit\u00e4t der Lernenden. Hier bietet es sich mittels digitalem Unterricht an, Lernende da abzuholen, wo sie stehen. <a href=\"https:\/\/portal.lanis-system.de\/vertretungsplan.php\">Auch Umfragen unter Lehrkr\u00e4ften <\/a>zeigen, dass eine bessere Aktivierung von Lernenden eine der Hauptgr\u00fcnde f\u00fcr den Einsatz digitaler Methoden darstellt.<\/p>\n\n\n\n<h4> Arbeitsdisziplin <\/h4>\n\n\n\n<p>Erste Erkenntnisse aus dem Unterricht in einer Tabletklasse (11te Klasse Berufsschule) zeigen mir, dass Lernende insgesamt motivierter an Arbeiten und Hausaufgaben herangehen, wenn der Unterricht vollst\u00e4ndig digitalisiert wurde. Zudem ist durch die M\u00f6glichkeit der \u00dcberwachung der Ergebnisse seitens der Lehrkraft mehr Willen zur regelm\u00e4\u00dfigen Hausaufgabenerledigung zu sehen. W\u00e4hrend in vielen Klassen Lernende Hausaufgaben nicht erledigen, ist der Erf\u00fcllungsgrad in einer Tabletklasse bei nahezu immer 100%. Dies war eine sehr unerwartete Erkenntnis. Es scheint als motivierten eigene Endger\u00e4te und die M\u00f6glichkeit seine Aufzeichnungen immer dabei und leserlich ordentlich zu haben.  <\/p>\n","protected":false},"excerpt":{"rendered":"<p>Chancen f\u00fcr Lernende und Lehrkr\u00e4fte Zwei Welten Heutige Arbeitnehmer leben im \u00fcberwiegenden Teil in einer digitalisierten Welt. Das papierlose B\u00fcro ist l\u00e4ngst die Norm. Selten werden noch Papiere in Akten geheftet. In der Regel geschieht dies nur noch aufgrund gesetzlicher Aufbewahrungsregeln. In den meisten Schulen hingegen schleppen sich Lernende morgens noch mit schweren Rucks\u00e4cken in [&hellip;]<\/p>\n","protected":false},"author":1,"featured_media":0,"parent":0,"menu_order":0,"comment_status":"open","ping_status":"closed","template":"","meta":[],"yoast_head":"<!-- This site is optimized with the Yoast SEO plugin v18.4.1 - https:\/\/yoast.com\/wordpress\/plugins\/seo\/ -->\n<title>Chancen der Digitalisierung - Future-Teach - Digitalisierung f\u00fcr Lehrer<\/title>\n<meta name=\"description\" content=\"Die Digitalisierung der Schule bietet Lehrkr\u00e4ften und Lernenden Chancen mehr Nachhaltigkeit, aktivierende Inhalte, Berufschancen und Motivation zu erzielen.\" \/>\n<meta name=\"robots\" content=\"index, follow, max-snippet:-1, max-image-preview:large, max-video-preview:-1\" \/>\n<link rel=\"canonical\" href=\"https:\/\/future-teach.de\/?page_id=223\" \/>\n<meta property=\"og:locale\" content=\"de_DE\" \/>\n<meta property=\"og:type\" content=\"article\" \/>\n<meta property=\"og:title\" content=\"Chancen der Digitalisierung - Future-Teach - Digitalisierung f\u00fcr Lehrer\" \/>\n<meta property=\"og:description\" content=\"Die Digitalisierung der Schule bietet Lehrkr\u00e4ften und Lernenden Chancen mehr Nachhaltigkeit, aktivierende Inhalte, Berufschancen und Motivation zu erzielen.\" \/>\n<meta property=\"og:url\" content=\"https:\/\/future-teach.de\/?page_id=223\" \/>\n<meta property=\"og:site_name\" content=\"Future-Teach\" \/>\n<meta property=\"article:modified_time\" content=\"2020-10-16T10:01:38+00:00\" \/>\n<meta property=\"og:image\" content=\"https:\/\/future-teach.de\/wp-content\/uploads\/2020\/03\/Digital-School-Illusion-1024x576-1.png\" \/>\n<meta name=\"twitter:card\" content=\"summary_large_image\" \/>\n<meta name=\"twitter:label1\" content=\"Gesch\u00e4tzte Lesezeit\" \/>\n\t<meta name=\"twitter:data1\" content=\"5\u00a0Minuten\" \/>\n<script type=\"application\/ld+json\" class=\"yoast-schema-graph\">{\"@context\":\"https:\/\/schema.org\",\"@graph\":[{\"@type\":\"WebSite\",\"@id\":\"https:\/\/future-teach.de\/#website\",\"url\":\"https:\/\/future-teach.de\/\",\"name\":\"Future-Teach\",\"description\":\"Digitales Unterrichten Tutorials, Trainings, Beitr\u00e4ge - Martin T\u00fcrck\",\"potentialAction\":[{\"@type\":\"SearchAction\",\"target\":{\"@type\":\"EntryPoint\",\"urlTemplate\":\"https:\/\/future-teach.de\/?s={search_term_string}\"},\"query-input\":\"required name=search_term_string\"}],\"inLanguage\":\"de\"},{\"@type\":\"ImageObject\",\"@id\":\"https:\/\/future-teach.de\/?page_id=223#primaryimage\",\"inLanguage\":\"de\",\"url\":\"https:\/\/future-teach.de\/wp-content\/uploads\/2020\/03\/Digital-School-Illusion-1024x576-1.png\",\"contentUrl\":\"https:\/\/future-teach.de\/wp-content\/uploads\/2020\/03\/Digital-School-Illusion-1024x576-1.png\",\"width\":1024,\"height\":576},{\"@type\":\"WebPage\",\"@id\":\"https:\/\/future-teach.de\/?page_id=223#webpage\",\"url\":\"https:\/\/future-teach.de\/?page_id=223\",\"name\":\"Chancen der Digitalisierung - Future-Teach - Digitalisierung f\u00fcr Lehrer\",\"isPartOf\":{\"@id\":\"https:\/\/future-teach.de\/#website\"},\"primaryImageOfPage\":{\"@id\":\"https:\/\/future-teach.de\/?page_id=223#primaryimage\"},\"datePublished\":\"2020-01-08T12:57:57+00:00\",\"dateModified\":\"2020-10-16T10:01:38+00:00\",\"description\":\"Die Digitalisierung der Schule bietet Lehrkr\u00e4ften und Lernenden Chancen mehr Nachhaltigkeit, aktivierende Inhalte, Berufschancen und Motivation zu erzielen.\",\"breadcrumb\":{\"@id\":\"https:\/\/future-teach.de\/?page_id=223#breadcrumb\"},\"inLanguage\":\"de\",\"potentialAction\":[{\"@type\":\"ReadAction\",\"target\":[\"https:\/\/future-teach.de\/?page_id=223\"]}]},{\"@type\":\"BreadcrumbList\",\"@id\":\"https:\/\/future-teach.de\/?page_id=223#breadcrumb\",\"itemListElement\":[{\"@type\":\"ListItem\",\"position\":1,\"name\":\"Startseite\",\"item\":\"https:\/\/future-teach.de\/\"},{\"@type\":\"ListItem\",\"position\":2,\"name\":\"Chancen der Digitalisierung\"}]}]}<\/script>\n<!-- \/ Yoast SEO plugin. -->","yoast_head_json":{"title":"Chancen der Digitalisierung - Future-Teach - Digitalisierung f\u00fcr Lehrer","description":"Die Digitalisierung der Schule bietet Lehrkr\u00e4ften und Lernenden Chancen mehr Nachhaltigkeit, aktivierende Inhalte, Berufschancen und Motivation zu erzielen.","robots":{"index":"index","follow":"follow","max-snippet":"max-snippet:-1","max-image-preview":"max-image-preview:large","max-video-preview":"max-video-preview:-1"},"canonical":"https:\/\/future-teach.de\/?page_id=223","og_locale":"de_DE","og_type":"article","og_title":"Chancen der Digitalisierung - Future-Teach - Digitalisierung f\u00fcr Lehrer","og_description":"Die Digitalisierung der Schule bietet Lehrkr\u00e4ften und Lernenden Chancen mehr Nachhaltigkeit, aktivierende Inhalte, Berufschancen und Motivation zu erzielen.","og_url":"https:\/\/future-teach.de\/?page_id=223","og_site_name":"Future-Teach","article_modified_time":"2020-10-16T10:01:38+00:00","og_image":[{"url":"https:\/\/future-teach.de\/wp-content\/uploads\/2020\/03\/Digital-School-Illusion-1024x576-1.png"}],"twitter_card":"summary_large_image","twitter_misc":{"Gesch\u00e4tzte Lesezeit":"5\u00a0Minuten"},"schema":{"@context":"https:\/\/schema.org","@graph":[{"@type":"WebSite","@id":"https:\/\/future-teach.de\/#website","url":"https:\/\/future-teach.de\/","name":"Future-Teach","description":"Digitales Unterrichten Tutorials, Trainings, Beitr\u00e4ge - Martin T\u00fcrck","potentialAction":[{"@type":"SearchAction","target":{"@type":"EntryPoint","urlTemplate":"https:\/\/future-teach.de\/?s={search_term_string}"},"query-input":"required name=search_term_string"}],"inLanguage":"de"},{"@type":"ImageObject","@id":"https:\/\/future-teach.de\/?page_id=223#primaryimage","inLanguage":"de","url":"https:\/\/future-teach.de\/wp-content\/uploads\/2020\/03\/Digital-School-Illusion-1024x576-1.png","contentUrl":"https:\/\/future-teach.de\/wp-content\/uploads\/2020\/03\/Digital-School-Illusion-1024x576-1.png","width":1024,"height":576},{"@type":"WebPage","@id":"https:\/\/future-teach.de\/?page_id=223#webpage","url":"https:\/\/future-teach.de\/?page_id=223","name":"Chancen der Digitalisierung - Future-Teach - Digitalisierung f\u00fcr Lehrer","isPartOf":{"@id":"https:\/\/future-teach.de\/#website"},"primaryImageOfPage":{"@id":"https:\/\/future-teach.de\/?page_id=223#primaryimage"},"datePublished":"2020-01-08T12:57:57+00:00","dateModified":"2020-10-16T10:01:38+00:00","description":"Die Digitalisierung der Schule bietet Lehrkr\u00e4ften und Lernenden Chancen mehr Nachhaltigkeit, aktivierende Inhalte, Berufschancen und Motivation zu erzielen.","breadcrumb":{"@id":"https:\/\/future-teach.de\/?page_id=223#breadcrumb"},"inLanguage":"de","potentialAction":[{"@type":"ReadAction","target":["https:\/\/future-teach.de\/?page_id=223"]}]},{"@type":"BreadcrumbList","@id":"https:\/\/future-teach.de\/?page_id=223#breadcrumb","itemListElement":[{"@type":"ListItem","position":1,"name":"Startseite","item":"https:\/\/future-teach.de\/"},{"@type":"ListItem","position":2,"name":"Chancen der Digitalisierung"}]}]}},"_links":{"self":[{"href":"https:\/\/future-teach.de\/index.php?rest_route=\/wp\/v2\/pages\/223"}],"collection":[{"href":"https:\/\/future-teach.de\/index.php?rest_route=\/wp\/v2\/pages"}],"about":[{"href":"https:\/\/future-teach.de\/index.php?rest_route=\/wp\/v2\/types\/page"}],"author":[{"embeddable":true,"href":"https:\/\/future-teach.de\/index.php?rest_route=\/wp\/v2\/users\/1"}],"replies":[{"embeddable":true,"href":"https:\/\/future-teach.de\/index.php?rest_route=%2Fwp%2Fv2%2Fcomments&post=223"}],"version-history":[{"count":2,"href":"https:\/\/future-teach.de\/index.php?rest_route=\/wp\/v2\/pages\/223\/revisions"}],"predecessor-version":[{"id":399,"href":"https:\/\/future-teach.de\/index.php?rest_route=\/wp\/v2\/pages\/223\/revisions\/399"}],"wp:attachment":[{"href":"https:\/\/future-teach.de\/index.php?rest_route=%2Fwp%2Fv2%2Fmedia&parent=223"}],"curies":[{"name":"wp","href":"https:\/\/api.w.org\/{rel}","templated":true}]}}