{"id":509,"date":"2022-05-15T16:24:18","date_gmt":"2022-05-15T16:24:18","guid":{"rendered":"https:\/\/future-teach.de\/?page_id=509"},"modified":"2023-07-17T11:34:34","modified_gmt":"2023-07-17T11:34:34","slug":"partner-kooperationen","status":"publish","type":"page","link":"https:\/\/future-teach.de\/?page_id=509","title":{"rendered":"Partner \/ Kooperationen"},"content":{"rendered":"\n<p>Nachfolgend eine Liste von Kooperationenpartnern f\u00fcr vergangene Schulungen oder gemeinsame Projekte oder Artikel<\/p>\n\n\n\n<figure class=\"wp-block-table\"><table><tbody><tr><td><strong>Bildungseinrichtungen<\/strong><\/td><\/tr><tr><td><img src=\"https:\/\/future-teach.de\/wp-content\/uploads\/2022\/05\/Bullet-e1652631410937.png\" alt=\"\"> Hessische Landesstelle f\u00fcr Technologiefortbildung<\/td><\/tr><tr><td><img loading=\"lazy\" width=\"29\" height=\"32\" class=\"wp-image-512\" style=\"width: 15px;\" src=\"https:\/\/future-teach.de\/wp-content\/uploads\/2022\/05\/Vullet-2.png\" alt=\"\"> Berufliche Fortbildungszentren der Bayerischen Wirtschaft<\/td><\/tr><tr><td><img src=\"https:\/\/future-teach.de\/wp-content\/uploads\/2022\/05\/Vullet-2.png\" alt=\"\" style=\"width: 15px;\"> Berufliche Schulen Gro\u00df-Gerau <\/td><\/tr><tr><td><img loading=\"lazy\" width=\"15\" height=\"16\" class=\"wp-image-511\" style=\"width: 15px;\" src=\"https:\/\/future-teach.de\/wp-content\/uploads\/2022\/05\/Bullet-e1652631410937.png\" alt=\"\"> Medienzentrum Offenbach<\/td><\/tr><tr><td><img src=\"https:\/\/future-teach.de\/wp-content\/uploads\/2022\/05\/Bullet-e1652631410937.png\" alt=\"\"> TU Braunschweig &#8211; Kompetenzzentrum Lehrkr\u00e4ftefortbildung <\/td><\/tr><tr><td><img src=\"https:\/\/future-teach.de\/wp-content\/uploads\/2022\/05\/Bullet-e1652631410937.png\" alt=\"\"> TU N\u00fcrnberg &#8211; Lehr- und Kompetenzentwicklung (LeKo)<\/td><\/tr><tr><td><img src=\"https:\/\/future-teach.de\/wp-content\/uploads\/2022\/05\/Bullet-e1652631410937.png\" alt=\"\"> Technische Hochschule N\u00fcrnberg<\/td><\/tr><tr><td><img src=\"https:\/\/future-teach.de\/wp-content\/uploads\/2022\/05\/Bullet-e1652631410937.png\" alt=\"\"> Christian-Rauch-Schule<\/td><\/tr><tr><td><img src=\"https:\/\/future-teach.de\/wp-content\/uploads\/2022\/05\/Bullet-e1652631410937.png\" alt=\"\"> Friedrich-List-Schule Darmstadt<\/td><\/tr><tr><td><img src=\"https:\/\/future-teach.de\/wp-content\/uploads\/2022\/05\/Bullet-e1652631410937.png\" alt=\"\"> Berufsf\u00f6rderungsgesellschaft  mbH -Kompetenzzentrum f\u00fcr Ausbau und Fassade<\/td><\/tr><tr><td><img src=\"https:\/\/future-teach.de\/wp-content\/uploads\/2022\/05\/Bullet-e1652631410937.png\" alt=\"\"> Kolping Bildung Nordw\u00fcrttemberg gGmbH<\/td><\/tr><tr><td><img src=\"https:\/\/future-teach.de\/wp-content\/uploads\/2022\/05\/Bullet-e1652631410937.png\" alt=\"\"> Gewerblich-technische Schulen der Stadt Offenbach<\/td><\/tr><tr><td><img src=\"https:\/\/future-teach.de\/wp-content\/uploads\/2022\/05\/Bullet-e1652631410937.png\" alt=\"\"> Johann-Philipp-Reis-Schule Friedberg<\/td><\/tr><tr><td><img src=\"https:\/\/future-teach.de\/wp-content\/uploads\/2022\/05\/Bullet-e1652631410937.png\" alt=\"\"> Konrad-Zuse-Schule H\u00fchnefeld<\/td><\/tr><tr><td><\/td><\/tr><tr><td><strong>Verlage &amp; Vereine<\/strong><\/td><\/tr><tr><td><img src=\"https:\/\/future-teach.de\/wp-content\/uploads\/2022\/05\/Bullet-e1652631410937.png\" alt=\"\"> Wochenschau Verlag GmbH<\/td><\/tr><tr><td><img src=\"https:\/\/future-teach.de\/wp-content\/uploads\/2022\/05\/Bullet-e1652631410937.png\" alt=\"\"> Klett MINT GmbH<\/td><\/tr><tr><td><img src=\"https:\/\/future-teach.de\/wp-content\/uploads\/2022\/05\/Bullet-e1652631410937.png\" alt=\"\"> Raabe Verlags-GmbH<\/td><\/tr><tr><td><img src=\"https:\/\/future-teach.de\/wp-content\/uploads\/2022\/05\/Bullet-e1652631410937.png\" alt=\"\"> WorldSkills Germany e. V.<\/td><\/tr><tr><td><img src=\"https:\/\/future-teach.de\/wp-content\/uploads\/2022\/05\/Bullet-e1652631410937.png\" alt=\"\"> Wissensschule.de<\/td><\/tr><tr><td><\/td><\/tr><tr><td><strong>Sonstiges \/ Private Wirtschaft<\/strong><\/td><\/tr><tr><td><img src=\"https:\/\/future-teach.de\/wp-content\/uploads\/2022\/05\/Bullet-e1652631410937.png\" alt=\"\"> Bonnfinanz Aktiengesellschaft f\u00fcr Verm\u00f6gensberatung und Vermittlung<\/td><\/tr><tr><td><img src=\"https:\/\/future-teach.de\/wp-content\/uploads\/2022\/05\/Bullet-e1652631410937.png\" alt=\"\"> Devoteam GmbH<\/td><\/tr><\/tbody><\/table><\/figure>\n","protected":false},"excerpt":{"rendered":"<p>Nachfolgend eine Liste von Kooperationenpartnern f\u00fcr vergangene Schulungen oder gemeinsame Projekte oder Artikel Bildungseinrichtungen Hessische Landesstelle f\u00fcr Technologiefortbildung Berufliche Fortbildungszentren der Bayerischen Wirtschaft Berufliche Schulen Gro\u00df-Gerau Medienzentrum Offenbach TU Braunschweig &#8211; Kompetenzzentrum Lehrkr\u00e4ftefortbildung TU N\u00fcrnberg &#8211; Lehr- und Kompetenzentwicklung (LeKo) Technische Hochschule N\u00fcrnberg Christian-Rauch-Schule Friedrich-List-Schule Darmstadt Berufsf\u00f6rderungsgesellschaft mbH -Kompetenzzentrum f\u00fcr Ausbau und Fassade Kolping Bildung [&hellip;]<\/p>\n","protected":false},"author":1,"featured_media":0,"parent":0,"menu_order":0,"comment_status":"closed","ping_status":"closed","template":"","meta":[],"yoast_head":"<!-- This site is optimized with the Yoast SEO plugin v18.4.1 - https:\/\/yoast.com\/wordpress\/plugins\/seo\/ -->\n<title>Partner \/ Kooperationen - Future-Teach<\/title>\n<meta name=\"robots\" content=\"index, follow, max-snippet:-1, max-image-preview:large, max-video-preview:-1\" \/>\n<link rel=\"canonical\" href=\"https:\/\/future-teach.de\/?page_id=509\" \/>\n<meta property=\"og:locale\" content=\"de_DE\" \/>\n<meta property=\"og:type\" content=\"article\" \/>\n<meta property=\"og:title\" content=\"Partner \/ Kooperationen - Future-Teach\" \/>\n<meta property=\"og:description\" content=\"Nachfolgend eine Liste von Kooperationenpartnern f\u00fcr vergangene Schulungen oder gemeinsame Projekte oder Artikel Bildungseinrichtungen Hessische Landesstelle f\u00fcr Technologiefortbildung Berufliche Fortbildungszentren der Bayerischen Wirtschaft Berufliche Schulen Gro\u00df-Gerau Medienzentrum Offenbach TU Braunschweig &#8211; Kompetenzzentrum Lehrkr\u00e4ftefortbildung TU N\u00fcrnberg &#8211; Lehr- und Kompetenzentwicklung (LeKo) Technische Hochschule N\u00fcrnberg Christian-Rauch-Schule Friedrich-List-Schule Darmstadt Berufsf\u00f6rderungsgesellschaft mbH -Kompetenzzentrum f\u00fcr Ausbau und Fassade Kolping Bildung [&hellip;]\" \/>\n<meta property=\"og:url\" content=\"https:\/\/future-teach.de\/?page_id=509\" \/>\n<meta property=\"og:site_name\" content=\"Future-Teach\" \/>\n<meta property=\"article:modified_time\" content=\"2023-07-17T11:34:34+00:00\" \/>\n<meta property=\"og:image\" content=\"https:\/\/future-teach.de\/wp-content\/uploads\/2022\/05\/Bullet-e1652631410937.png\" \/>\n<meta name=\"twitter:card\" content=\"summary_large_image\" \/>\n<meta name=\"twitter:label1\" content=\"Gesch\u00e4tzte Lesezeit\" \/>\n\t<meta name=\"twitter:data1\" content=\"5\u00a0Minuten\" \/>\n<script type=\"application\/ld+json\" class=\"yoast-schema-graph\">{\"@context\":\"https:\/\/schema.org\",\"@graph\":[{\"@type\":\"WebSite\",\"@id\":\"https:\/\/future-teach.de\/#website\",\"url\":\"https:\/\/future-teach.de\/\",\"name\":\"Future-Teach\",\"description\":\"Digitales Unterrichten Tutorials, Trainings, Beitr\u00e4ge - Martin T\u00fcrck\",\"potentialAction\":[{\"@type\":\"SearchAction\",\"target\":{\"@type\":\"EntryPoint\",\"urlTemplate\":\"https:\/\/future-teach.de\/?s={search_term_string}\"},\"query-input\":\"required name=search_term_string\"}],\"inLanguage\":\"de\"},{\"@type\":\"ImageObject\",\"@id\":\"https:\/\/future-teach.de\/?page_id=509#primaryimage\",\"inLanguage\":\"de\",\"url\":\"https:\/\/future-teach.de\/wp-content\/uploads\/2022\/05\/Bullet-e1652631410937.png\",\"contentUrl\":\"https:\/\/future-teach.de\/wp-content\/uploads\/2022\/05\/Bullet-e1652631410937.png\",\"width\":15,\"height\":16},{\"@type\":\"WebPage\",\"@id\":\"https:\/\/future-teach.de\/?page_id=509#webpage\",\"url\":\"https:\/\/future-teach.de\/?page_id=509\",\"name\":\"Partner \/ Kooperationen - Future-Teach\",\"isPartOf\":{\"@id\":\"https:\/\/future-teach.de\/#website\"},\"primaryImageOfPage\":{\"@id\":\"https:\/\/future-teach.de\/?page_id=509#primaryimage\"},\"datePublished\":\"2022-05-15T16:24:18+00:00\",\"dateModified\":\"2023-07-17T11:34:34+00:00\",\"breadcrumb\":{\"@id\":\"https:\/\/future-teach.de\/?page_id=509#breadcrumb\"},\"inLanguage\":\"de\",\"potentialAction\":[{\"@type\":\"ReadAction\",\"target\":[\"https:\/\/future-teach.de\/?page_id=509\"]}]},{\"@type\":\"BreadcrumbList\",\"@id\":\"https:\/\/future-teach.de\/?page_id=509#breadcrumb\",\"itemListElement\":[{\"@type\":\"ListItem\",\"position\":1,\"name\":\"Startseite\",\"item\":\"https:\/\/future-teach.de\/\"},{\"@type\":\"ListItem\",\"position\":2,\"name\":\"Partner \/ Kooperationen\"}]}]}<\/script>\n<!-- \/ Yoast SEO plugin. -->","yoast_head_json":{"title":"Partner \/ Kooperationen - Future-Teach","robots":{"index":"index","follow":"follow","max-snippet":"max-snippet:-1","max-image-preview":"max-image-preview:large","max-video-preview":"max-video-preview:-1"},"canonical":"https:\/\/future-teach.de\/?page_id=509","og_locale":"de_DE","og_type":"article","og_title":"Partner \/ Kooperationen - Future-Teach","og_description":"Nachfolgend eine Liste von Kooperationenpartnern f\u00fcr vergangene Schulungen oder gemeinsame Projekte oder Artikel Bildungseinrichtungen Hessische Landesstelle f\u00fcr Technologiefortbildung Berufliche Fortbildungszentren der Bayerischen Wirtschaft Berufliche Schulen Gro\u00df-Gerau Medienzentrum Offenbach TU Braunschweig &#8211; Kompetenzzentrum Lehrkr\u00e4ftefortbildung TU N\u00fcrnberg &#8211; Lehr- und Kompetenzentwicklung (LeKo) Technische Hochschule N\u00fcrnberg Christian-Rauch-Schule Friedrich-List-Schule Darmstadt Berufsf\u00f6rderungsgesellschaft mbH -Kompetenzzentrum f\u00fcr Ausbau und Fassade Kolping Bildung [&hellip;]","og_url":"https:\/\/future-teach.de\/?page_id=509","og_site_name":"Future-Teach","article_modified_time":"2023-07-17T11:34:34+00:00","og_image":[{"url":"https:\/\/future-teach.de\/wp-content\/uploads\/2022\/05\/Bullet-e1652631410937.png"}],"twitter_card":"summary_large_image","twitter_misc":{"Gesch\u00e4tzte Lesezeit":"5\u00a0Minuten"},"schema":{"@context":"https:\/\/schema.org","@graph":[{"@type":"WebSite","@id":"https:\/\/future-teach.de\/#website","url":"https:\/\/future-teach.de\/","name":"Future-Teach","description":"Digitales Unterrichten Tutorials, Trainings, Beitr\u00e4ge - Martin T\u00fcrck","potentialAction":[{"@type":"SearchAction","target":{"@type":"EntryPoint","urlTemplate":"https:\/\/future-teach.de\/?s={search_term_string}"},"query-input":"required name=search_term_string"}],"inLanguage":"de"},{"@type":"ImageObject","@id":"https:\/\/future-teach.de\/?page_id=509#primaryimage","inLanguage":"de","url":"https:\/\/future-teach.de\/wp-content\/uploads\/2022\/05\/Bullet-e1652631410937.png","contentUrl":"https:\/\/future-teach.de\/wp-content\/uploads\/2022\/05\/Bullet-e1652631410937.png","width":15,"height":16},{"@type":"WebPage","@id":"https:\/\/future-teach.de\/?page_id=509#webpage","url":"https:\/\/future-teach.de\/?page_id=509","name":"Partner \/ Kooperationen - Future-Teach","isPartOf":{"@id":"https:\/\/future-teach.de\/#website"},"primaryImageOfPage":{"@id":"https:\/\/future-teach.de\/?page_id=509#primaryimage"},"datePublished":"2022-05-15T16:24:18+00:00","dateModified":"2023-07-17T11:34:34+00:00","breadcrumb":{"@id":"https:\/\/future-teach.de\/?page_id=509#breadcrumb"},"inLanguage":"de","potentialAction":[{"@type":"ReadAction","target":["https:\/\/future-teach.de\/?page_id=509"]}]},{"@type":"BreadcrumbList","@id":"https:\/\/future-teach.de\/?page_id=509#breadcrumb","itemListElement":[{"@type":"ListItem","position":1,"name":"Startseite","item":"https:\/\/future-teach.de\/"},{"@type":"ListItem","position":2,"name":"Partner \/ Kooperationen"}]}]}},"_links":{"self":[{"href":"https:\/\/future-teach.de\/index.php?rest_route=\/wp\/v2\/pages\/509"}],"collection":[{"href":"https:\/\/future-teach.de\/index.php?rest_route=\/wp\/v2\/pages"}],"about":[{"href":"https:\/\/future-teach.de\/index.php?rest_route=\/wp\/v2\/types\/page"}],"author":[{"embeddable":true,"href":"https:\/\/future-teach.de\/index.php?rest_route=\/wp\/v2\/users\/1"}],"replies":[{"embeddable":true,"href":"https:\/\/future-teach.de\/index.php?rest_route=%2Fwp%2Fv2%2Fcomments&post=509"}],"version-history":[{"count":9,"href":"https:\/\/future-teach.de\/index.php?rest_route=\/wp\/v2\/pages\/509\/revisions"}],"predecessor-version":[{"id":553,"href":"https:\/\/future-teach.de\/index.php?rest_route=\/wp\/v2\/pages\/509\/revisions\/553"}],"wp:attachment":[{"href":"https:\/\/future-teach.de\/index.php?rest_route=%2Fwp%2Fv2%2Fmedia&parent=509"}],"curies":[{"name":"wp","href":"https:\/\/api.w.org\/{rel}","templated":true}]}}